{"id":1230,"date":"2024-02-19T11:48:00","date_gmt":"2024-02-19T11:48:00","guid":{"rendered":"https:\/\/atelierjam.be\/?page_id=1230"},"modified":"2024-11-29T13:28:00","modified_gmt":"2024-11-29T13:28:00","slug":"elementor-1230","status":"publish","type":"page","link":"https:\/\/atelierjam.be\/?page_id=1230","title":{"rendered":"L\u00e9onie"},"content":{"rendered":"\t\t<div data-elementor-type=\"wp-page\" data-elementor-id=\"1230\" class=\"elementor elementor-1230\">\n\t\t\t\t\t\t<section class=\"elementor-section elementor-top-section elementor-element elementor-element-e01b28e elementor-section-boxed elementor-section-height-default elementor-section-height-default\" data-id=\"e01b28e\" data-element_type=\"section\">\n\t\t\t\t\t\t<div class=\"elementor-container elementor-column-gap-default\">\n\t\t\t\t\t<div class=\"elementor-column elementor-col-33 elementor-top-column elementor-element elementor-element-c523e04\" data-id=\"c523e04\" data-element_type=\"column\">\n\t\t\t<div class=\"elementor-widget-wrap elementor-element-populated\">\n\t\t\t\t\t\t<div class=\"elementor-element elementor-element-f8081b1 elementor-widget elementor-widget-heading\" data-id=\"f8081b1\" data-element_type=\"widget\" data-widget_type=\"heading.default\">\n\t\t\t\t<div class=\"elementor-widget-container\">\n\t\t\t\t\t<h2 class=\"elementor-heading-title elementor-size-default\"><code id=\"envira_shortcode_id_1266\"><\/code><\/h2>\t\t\t\t<\/div>\n\t\t\t\t<\/div>\n\t\t\t\t\t<\/div>\n\t\t<\/div>\n\t\t\t\t<div class=\"elementor-column elementor-col-33 elementor-top-column elementor-element elementor-element-1231edd\" data-id=\"1231edd\" data-element_type=\"column\">\n\t\t\t<div class=\"elementor-widget-wrap elementor-element-populated\">\n\t\t\t\t\t\t<div class=\"elementor-element elementor-element-ab44c4f elementor-widget elementor-widget-heading\" data-id=\"ab44c4f\" data-element_type=\"widget\" data-widget_type=\"heading.default\">\n\t\t\t\t<div class=\"elementor-widget-container\">\n\t\t\t\t\t<h2 class=\"elementor-heading-title elementor-size-default\">L\u00e9onie<\/h2>\t\t\t\t<\/div>\n\t\t\t\t<\/div>\n\t\t\t\t<div class=\"elementor-element elementor-element-298de75 elementor-widget elementor-widget-video\" data-id=\"298de75\" data-element_type=\"widget\" data-settings=\"{&quot;video_type&quot;:&quot;hosted&quot;,&quot;controls&quot;:&quot;yes&quot;}\" data-widget_type=\"video.default\">\n\t\t\t\t<div class=\"elementor-widget-container\">\n\t\t\t\t\t\t\t<div class=\"e-hosted-video elementor-wrapper elementor-open-inline\">\n\t\t\t\t\t<video class=\"elementor-video\" src=\"https:\/\/atelierjam.be\/wp-content\/uploads\/2024\/02\/Leonie-1-1.m4v\" controls=\"\" preload=\"metadata\" controlsList=\"nodownload\"><\/video>\n\t\t\t\t<\/div>\n\t\t\t\t\t\t<\/div>\n\t\t\t\t<\/div>\n\t\t\t\t\t<\/div>\n\t\t<\/div>\n\t\t\t\t<div class=\"elementor-column elementor-col-33 elementor-top-column elementor-element elementor-element-5dddc78\" data-id=\"5dddc78\" data-element_type=\"column\">\n\t\t\t<div class=\"elementor-widget-wrap elementor-element-populated\">\n\t\t\t\t\t\t<div class=\"elementor-element elementor-element-f563c32 elementor-widget elementor-widget-heading\" data-id=\"f563c32\" data-element_type=\"widget\" data-widget_type=\"heading.default\">\n\t\t\t\t<div class=\"elementor-widget-container\">\n\t\t\t\t\t<h2 class=\"elementor-heading-title elementor-size-default\">---<\/h2>\t\t\t\t<\/div>\n\t\t\t\t<\/div>\n\t\t\t\t<div class=\"elementor-element elementor-element-8b0c290 elementor-widget elementor-widget-text-editor\" data-id=\"8b0c290\" data-element_type=\"widget\" data-widget_type=\"text-editor.default\">\n\t\t\t\t<div class=\"elementor-widget-container\">\n\t\t\t\t\t\t\t\t\t<div dir=\"ltr\" style=\"text-decoration:none;color:rgb(33,33,33)\">Meuble multifonctions compos\u00e9 d\u2019une armoire, d\u2019une partie secr\u00e9taire, de deux tiroirs et d\u2019une biblioth\u00e8que ouverte.&nbsp;<\/div>\n<div dir=\"ltr\" style=\"text-decoration:none;color:rgb(33,33,33)\"><br>\n<\/div>\n<div dir=\"ltr\" style=\"text-decoration:none;color:rgb(33,33,33)\">M\u00e9lange \nde bois naturel, prot\u00e9g\u00e9 d\u2019une huile cire de couleur Intense Black et \nd\u2019un papier peint l\u00e9opard qui lui apporte un c\u00f4t\u00e9 fun.<\/div><div dir=\"ltr\" style=\"text-decoration:none;color:rgb(33,33,33)\"><br><\/div>\n<div dir=\"ltr\" style=\"text-decoration:none;color:rgb(33,33,33)\">Le meuble \u00e0 \u00e9t\u00e9 compl\u00e8tement retravaill\u00e9 et les boutons ont \u00e9t\u00e9 chang\u00e9s. <br><\/div>\t\t\t\t\t\t\t\t<\/div>\n\t\t\t\t<\/div>\n\t\t\t\t<div class=\"elementor-element elementor-element-1a13c5e elementor-align-center elementor-widget elementor-widget-button\" data-id=\"1a13c5e\" data-element_type=\"widget\" data-widget_type=\"button.default\">\n\t\t\t\t<div class=\"elementor-widget-container\">\n\t\t\t\t\t\t\t\t\t<div class=\"elementor-button-wrapper\">\n\t\t\t\t\t<a class=\"elementor-button elementor-button-link elementor-size-sm\" href=\"https:\/\/atelierjam.be\/?page_id=71\">\n\t\t\t\t\t\t<span class=\"elementor-button-content-wrapper\">\n\t\t\t\t\t\t\t\t\t<span class=\"elementor-button-text\">Indisponible<\/span>\n\t\t\t\t\t<\/span>\n\t\t\t\t\t<\/a>\n\t\t\t\t<\/div>\n\t\t\t\t\t\t\t\t<\/div>\n\t\t\t\t<\/div>\n\t\t\t\t<div class=\"elementor-element elementor-element-a89ac0a elementor-hidden-tablet elementor-hidden-mobile elementor-widget elementor-widget-spacer\" data-id=\"a89ac0a\" data-element_type=\"widget\" data-widget_type=\"spacer.default\">\n\t\t\t\t<div class=\"elementor-widget-container\">\n\t\t\t\t\t\t\t<div class=\"elementor-spacer\">\n\t\t\t<div class=\"elementor-spacer-inner\"><\/div>\n\t\t<\/div>\n\t\t\t\t\t\t<\/div>\n\t\t\t\t<\/div>\n\t\t\t\t<div class=\"elementor-element elementor-element-793e47a elementor-icon-list--layout-traditional elementor-list-item-link-full_width elementor-widget elementor-widget-icon-list\" data-id=\"793e47a\" data-element_type=\"widget\" data-widget_type=\"icon-list.default\">\n\t\t\t\t<div class=\"elementor-widget-container\">\n\t\t\t\t\t\t\t<ul class=\"elementor-icon-list-items\">\n\t\t\t\t\t\t\t<li class=\"elementor-icon-list-item\">\n\t\t\t\t\t\t\t\t\t\t\t<span class=\"elementor-icon-list-icon\">\n\t\t\t\t\t\t\t<i aria-hidden=\"true\" class=\"fas fa-ruler-vertical\"><\/i>\t\t\t\t\t\t<\/span>\n\t\t\t\t\t\t\t\t\t\t<span class=\"elementor-icon-list-text\">H : 152 cm<\/span>\n\t\t\t\t\t\t\t\t\t<\/li>\n\t\t\t\t\t\t\t\t<li class=\"elementor-icon-list-item\">\n\t\t\t\t\t\t\t\t\t\t\t<span class=\"elementor-icon-list-icon\">\n\t\t\t\t\t\t\t<i aria-hidden=\"true\" class=\"fas fa-ruler-horizontal\"><\/i>\t\t\t\t\t\t<\/span>\n\t\t\t\t\t\t\t\t\t\t<span class=\"elementor-icon-list-text\">L : 104 cm<\/span>\n\t\t\t\t\t\t\t\t\t<\/li>\n\t\t\t\t\t\t\t\t<li class=\"elementor-icon-list-item\">\n\t\t\t\t\t\t\t\t\t\t\t<span class=\"elementor-icon-list-icon\">\n\t\t\t\t\t\t\t<i aria-hidden=\"true\" class=\"fas fa-ruler\"><\/i>\t\t\t\t\t\t<\/span>\n\t\t\t\t\t\t\t\t\t\t<span class=\"elementor-icon-list-text\">P : 36 cm<\/span>\n\t\t\t\t\t\t\t\t\t<\/li>\n\t\t\t\t\t\t<\/ul>\n\t\t\t\t\t\t<\/div>\n\t\t\t\t<\/div>\n\t\t\t\t\t<\/div>\n\t\t<\/div>\n\t\t\t\t\t<\/div>\n\t\t<\/section>\n\t\t\t\t<section class=\"elementor-section elementor-top-section elementor-element elementor-element-8e06723 elementor-section-boxed elementor-section-height-default elementor-section-height-default\" data-id=\"8e06723\" data-element_type=\"section\">\n\t\t\t\t\t\t<div class=\"elementor-container elementor-column-gap-default\">\n\t\t\t\t\t<div class=\"elementor-column elementor-col-50 elementor-top-column elementor-element elementor-element-996a55e\" data-id=\"996a55e\" data-element_type=\"column\">\n\t\t\t<div class=\"elementor-widget-wrap elementor-element-populated\">\n\t\t\t\t\t\t<div class=\"elementor-element elementor-element-7eb2f01 elementor-align-center elementor-widget elementor-widget-button\" data-id=\"7eb2f01\" data-element_type=\"widget\" data-widget_type=\"button.default\">\n\t\t\t\t<div class=\"elementor-widget-container\">\n\t\t\t\t\t\t\t\t\t<div class=\"elementor-button-wrapper\">\n\t\t\t\t\t<a class=\"elementor-button elementor-button-link elementor-size-sm\" href=\"https:\/\/atelierjam.be\/?page_id=1321\">\n\t\t\t\t\t\t<span class=\"elementor-button-content-wrapper\">\n\t\t\t\t\t\t\t\t\t<span class=\"elementor-button-text\">Pr\u00e9c\u00e9dent<\/span>\n\t\t\t\t\t<\/span>\n\t\t\t\t\t<\/a>\n\t\t\t\t<\/div>\n\t\t\t\t\t\t\t\t<\/div>\n\t\t\t\t<\/div>\n\t\t\t\t\t<\/div>\n\t\t<\/div>\n\t\t\t\t<div class=\"elementor-column elementor-col-50 elementor-top-column elementor-element elementor-element-4436aa6\" data-id=\"4436aa6\" data-element_type=\"column\">\n\t\t\t<div class=\"elementor-widget-wrap elementor-element-populated\">\n\t\t\t\t\t\t<div class=\"elementor-element elementor-element-e259cc9 elementor-align-center elementor-widget elementor-widget-button\" data-id=\"e259cc9\" data-element_type=\"widget\" data-widget_type=\"button.default\">\n\t\t\t\t<div class=\"elementor-widget-container\">\n\t\t\t\t\t\t\t\t\t<div class=\"elementor-button-wrapper\">\n\t\t\t\t\t<a class=\"elementor-button elementor-button-link elementor-size-sm\" href=\"https:\/\/atelierjam.be\/?page_id=206\">\n\t\t\t\t\t\t<span class=\"elementor-button-content-wrapper\">\n\t\t\t\t\t\t\t\t\t<span class=\"elementor-button-text\">Suivant  <\/span>\n\t\t\t\t\t<\/span>\n\t\t\t\t\t<\/a>\n\t\t\t\t<\/div>\n\t\t\t\t\t\t\t\t<\/div>\n\t\t\t\t<\/div>\n\t\t\t\t\t<\/div>\n\t\t<\/div>\n\t\t\t\t\t<\/div>\n\t\t<\/section>\n\t\t\t\t<\/div>\n\t\t","protected":false},"excerpt":{"rendered":"<p>L\u00e9onie https:\/\/atelierjam.be\/wp-content\/uploads\/2024\/02\/Leonie-1-1.m4v &#8212; Meuble multifonctions compos\u00e9 d\u2019une armoire, d\u2019une partie secr\u00e9taire, de deux tiroirs et d\u2019une biblioth\u00e8que ouverte.&nbsp; M\u00e9lange de bois naturel, prot\u00e9g\u00e9 d\u2019une huile cire de couleur Intense Black et d\u2019un papier peint l\u00e9opard qui lui apporte un c\u00f4t\u00e9<\/p>\n","protected":false},"author":1,"featured_media":0,"parent":0,"menu_order":0,"comment_status":"closed","ping_status":"closed","template":"","meta":{"jetpack_post_was_ever_published":false,"footnotes":""},"class_list":["post-1230","page","type-page","status-publish","hentry"],"yoast_head":"<!-- This site is optimized with the Yoast SEO plugin v25.0 - https:\/\/yoast.com\/wordpress\/plugins\/seo\/ -->\n<title>L\u00e9onie - JAM Atelier Vintage<\/title>\n<meta name=\"robots\" content=\"index, follow, max-snippet:-1, max-image-preview:large, max-video-preview:-1\" \/>\n<link rel=\"canonical\" href=\"https:\/\/atelierjam.be\/?page_id=1230\" \/>\n<meta property=\"og:locale\" content=\"fr_FR\" \/>\n<meta property=\"og:type\" content=\"article\" \/>\n<meta property=\"og:title\" content=\"L\u00e9onie - JAM Atelier Vintage\" \/>\n<meta property=\"og:description\" content=\"L\u00e9onie https:\/\/atelierjam.be\/wp-content\/uploads\/2024\/02\/Leonie-1-1.m4v &#8212; Meuble multifonctions compos\u00e9 d\u2019une armoire, d\u2019une partie secr\u00e9taire, de deux tiroirs et d\u2019une biblioth\u00e8que ouverte.&nbsp; M\u00e9lange de bois naturel, prot\u00e9g\u00e9 d\u2019une huile cire de couleur Intense Black et d\u2019un papier peint l\u00e9opard qui lui apporte un c\u00f4t\u00e9\" \/>\n<meta property=\"og:url\" content=\"https:\/\/atelierjam.be\/?page_id=1230\" \/>\n<meta property=\"og:site_name\" content=\"JAM Atelier Vintage\" \/>\n<meta property=\"article:publisher\" content=\"https:\/\/www.facebook.com\/people\/Latelier-Jam\/100094490956341\/\" \/>\n<meta property=\"article:modified_time\" content=\"2024-11-29T13:28:00+00:00\" \/>\n<meta name=\"twitter:card\" content=\"summary_large_image\" \/>\n<meta name=\"twitter:label1\" content=\"Dur\u00e9e de lecture est.\" \/>\n\t<meta name=\"twitter:data1\" content=\"1 minute\" \/>\n<script type=\"application\/ld+json\" class=\"yoast-schema-graph\">{\"@context\":\"https:\/\/schema.org\",\"@graph\":[{\"@type\":\"WebPage\",\"@id\":\"https:\/\/atelierjam.be\/?page_id=1230\",\"url\":\"https:\/\/atelierjam.be\/?page_id=1230\",\"name\":\"L\u00e9onie - JAM Atelier Vintage\",\"isPartOf\":{\"@id\":\"https:\/\/atelierjam.be\/#website\"},\"datePublished\":\"2024-02-19T11:48:00+00:00\",\"dateModified\":\"2024-11-29T13:28:00+00:00\",\"breadcrumb\":{\"@id\":\"https:\/\/atelierjam.be\/?page_id=1230#breadcrumb\"},\"inLanguage\":\"fr-BE\",\"potentialAction\":[{\"@type\":\"ReadAction\",\"target\":[\"https:\/\/atelierjam.be\/?page_id=1230\"]}]},{\"@type\":\"BreadcrumbList\",\"@id\":\"https:\/\/atelierjam.be\/?page_id=1230#breadcrumb\",\"itemListElement\":[{\"@type\":\"ListItem\",\"position\":1,\"name\":\"Accueil\",\"item\":\"https:\/\/atelierjam.be\/\"},{\"@type\":\"ListItem\",\"position\":2,\"name\":\"L\u00e9onie\"}]},{\"@type\":\"WebSite\",\"@id\":\"https:\/\/atelierjam.be\/#website\",\"url\":\"https:\/\/atelierjam.be\/\",\"name\":\"JAM Atelier Vintage\",\"description\":\"Restauration Vintage Meubles\",\"potentialAction\":[{\"@type\":\"SearchAction\",\"target\":{\"@type\":\"EntryPoint\",\"urlTemplate\":\"https:\/\/atelierjam.be\/?s={search_term_string}\"},\"query-input\":{\"@type\":\"PropertyValueSpecification\",\"valueRequired\":true,\"valueName\":\"search_term_string\"}}],\"inLanguage\":\"fr-BE\"}]}<\/script>\n<!-- \/ Yoast SEO plugin. -->","yoast_head_json":{"title":"L\u00e9onie - JAM Atelier Vintage","robots":{"index":"index","follow":"follow","max-snippet":"max-snippet:-1","max-image-preview":"max-image-preview:large","max-video-preview":"max-video-preview:-1"},"canonical":"https:\/\/atelierjam.be\/?page_id=1230","og_locale":"fr_FR","og_type":"article","og_title":"L\u00e9onie - JAM Atelier Vintage","og_description":"L\u00e9onie https:\/\/atelierjam.be\/wp-content\/uploads\/2024\/02\/Leonie-1-1.m4v &#8212; Meuble multifonctions compos\u00e9 d\u2019une armoire, d\u2019une partie secr\u00e9taire, de deux tiroirs et d\u2019une biblioth\u00e8que ouverte.&nbsp; M\u00e9lange de bois naturel, prot\u00e9g\u00e9 d\u2019une huile cire de couleur Intense Black et d\u2019un papier peint l\u00e9opard qui lui apporte un c\u00f4t\u00e9","og_url":"https:\/\/atelierjam.be\/?page_id=1230","og_site_name":"JAM Atelier Vintage","article_publisher":"https:\/\/www.facebook.com\/people\/Latelier-Jam\/100094490956341\/","article_modified_time":"2024-11-29T13:28:00+00:00","twitter_card":"summary_large_image","twitter_misc":{"Dur\u00e9e de lecture est.":"1 minute"},"schema":{"@context":"https:\/\/schema.org","@graph":[{"@type":"WebPage","@id":"https:\/\/atelierjam.be\/?page_id=1230","url":"https:\/\/atelierjam.be\/?page_id=1230","name":"L\u00e9onie - JAM Atelier Vintage","isPartOf":{"@id":"https:\/\/atelierjam.be\/#website"},"datePublished":"2024-02-19T11:48:00+00:00","dateModified":"2024-11-29T13:28:00+00:00","breadcrumb":{"@id":"https:\/\/atelierjam.be\/?page_id=1230#breadcrumb"},"inLanguage":"fr-BE","potentialAction":[{"@type":"ReadAction","target":["https:\/\/atelierjam.be\/?page_id=1230"]}]},{"@type":"BreadcrumbList","@id":"https:\/\/atelierjam.be\/?page_id=1230#breadcrumb","itemListElement":[{"@type":"ListItem","position":1,"name":"Accueil","item":"https:\/\/atelierjam.be\/"},{"@type":"ListItem","position":2,"name":"L\u00e9onie"}]},{"@type":"WebSite","@id":"https:\/\/atelierjam.be\/#website","url":"https:\/\/atelierjam.be\/","name":"JAM Atelier Vintage","description":"Restauration Vintage Meubles","potentialAction":[{"@type":"SearchAction","target":{"@type":"EntryPoint","urlTemplate":"https:\/\/atelierjam.be\/?s={search_term_string}"},"query-input":{"@type":"PropertyValueSpecification","valueRequired":true,"valueName":"search_term_string"}}],"inLanguage":"fr-BE"}]}},"jetpack-related-posts":[],"jetpack_sharing_enabled":true,"_links":{"self":[{"href":"https:\/\/atelierjam.be\/index.php?rest_route=\/wp\/v2\/pages\/1230","targetHints":{"allow":["GET"]}}],"collection":[{"href":"https:\/\/atelierjam.be\/index.php?rest_route=\/wp\/v2\/pages"}],"about":[{"href":"https:\/\/atelierjam.be\/index.php?rest_route=\/wp\/v2\/types\/page"}],"author":[{"embeddable":true,"href":"https:\/\/atelierjam.be\/index.php?rest_route=\/wp\/v2\/users\/1"}],"replies":[{"embeddable":true,"href":"https:\/\/atelierjam.be\/index.php?rest_route=%2Fwp%2Fv2%2Fcomments&post=1230"}],"version-history":[{"count":36,"href":"https:\/\/atelierjam.be\/index.php?rest_route=\/wp\/v2\/pages\/1230\/revisions"}],"predecessor-version":[{"id":1427,"href":"https:\/\/atelierjam.be\/index.php?rest_route=\/wp\/v2\/pages\/1230\/revisions\/1427"}],"wp:attachment":[{"href":"https:\/\/atelierjam.be\/index.php?rest_route=%2Fwp%2Fv2%2Fmedia&parent=1230"}],"curies":[{"name":"wp","href":"https:\/\/api.w.org\/{rel}","templated":true}]}}