{"id":17,"date":"2023-08-23T19:50:41","date_gmt":"2023-08-23T19:50:41","guid":{"rendered":"https:\/\/atelierjam.be\/?page_id=17"},"modified":"2023-09-22T10:20:17","modified_gmt":"2023-09-22T10:20:17","slug":"qui-suis-je","status":"publish","type":"page","link":"https:\/\/atelierjam.be\/?page_id=17","title":{"rendered":"Qui suis-je?"},"content":{"rendered":"\t\t<div data-elementor-type=\"wp-page\" data-elementor-id=\"17\" class=\"elementor elementor-17\">\n\t\t\t\t\t\t<section class=\"elementor-section elementor-top-section elementor-element elementor-element-2e007cd elementor-section-boxed elementor-section-height-default elementor-section-height-default\" data-id=\"2e007cd\" data-element_type=\"section\">\n\t\t\t\t\t\t<div class=\"elementor-container elementor-column-gap-default\">\n\t\t\t\t\t<div class=\"elementor-column elementor-col-100 elementor-top-column elementor-element elementor-element-922fa8c\" data-id=\"922fa8c\" data-element_type=\"column\">\n\t\t\t<div class=\"elementor-widget-wrap elementor-element-populated\">\n\t\t\t\t\t\t<div class=\"elementor-element elementor-element-e48cde3 elementor-invisible elementor-widget elementor-widget-image\" data-id=\"e48cde3\" data-element_type=\"widget\" data-settings=\"{&quot;_animation&quot;:&quot;slideInLeft&quot;}\" data-widget_type=\"image.default\">\n\t\t\t\t<div class=\"elementor-widget-container\">\n\t\t\t\t\t\t\t\t\t\t\t\t\t\t\t<img decoding=\"async\" width=\"150\" height=\"150\" src=\"https:\/\/i0.wp.com\/atelierjam.be\/wp-content\/uploads\/2023\/08\/marie_photo.jpg?resize=150%2C150&amp;ssl=1\" class=\"attachment-thumbnail size-thumbnail wp-image-47\" alt=\"\" srcset=\"https:\/\/i0.wp.com\/atelierjam.be\/wp-content\/uploads\/2023\/08\/marie_photo.jpg?w=800&amp;ssl=1 800w, https:\/\/i0.wp.com\/atelierjam.be\/wp-content\/uploads\/2023\/08\/marie_photo.jpg?resize=300%2C300&amp;ssl=1 300w, https:\/\/i0.wp.com\/atelierjam.be\/wp-content\/uploads\/2023\/08\/marie_photo.jpg?resize=150%2C150&amp;ssl=1 150w, https:\/\/i0.wp.com\/atelierjam.be\/wp-content\/uploads\/2023\/08\/marie_photo.jpg?resize=768%2C768&amp;ssl=1 768w, https:\/\/i0.wp.com\/atelierjam.be\/wp-content\/uploads\/2023\/08\/marie_photo.jpg?resize=75%2C75&amp;ssl=1 75w\" sizes=\"(max-width: 150px) 100vw, 150px\" \/>\t\t\t\t\t\t\t\t\t\t\t\t\t\t\t<\/div>\n\t\t\t\t<\/div>\n\t\t\t\t<div class=\"elementor-element elementor-element-2fe9ed8 elementor-widget__width-initial elementor-widget elementor-widget-text-editor\" data-id=\"2fe9ed8\" data-element_type=\"widget\" data-widget_type=\"text-editor.default\">\n\t\t\t\t<div class=\"elementor-widget-container\">\n\t\t\t\t\t\t\t\t\t\n\n<span style=\"color: #6e92bf;\"><span style=\"font-family: Berlin Sans FB, serif;\"><span style=\"font-size: x-large;\">Du changement professionnel\u2026<\/span><\/span><\/span>\n\n\n\n\n<blockquote class=\"is-layout-flow wp-block-quote-is-layout-flow\">\n<h6><span style=\"font-family: Agency FB, serif;\"><span style=\"font-size: large;\">Si vous me demandez pourquoi, alors que je suis infirmi\u00e8re depuis 2005, je me suis dirig\u00e9e vers la restauration de meubles, je vous\nr\u00e9ponds\u00a0: \u00ab\u00a0car j\u2019ai toujours aim\u00e9 rendre belles les choses, m\u00eame celles que l\u2019on pourrait trouver laides!\u00a0\u00bb<\/span><\/span><\/h6>\n<span style=\"font-family: Agency FB, serif;\"><span style=\"font-size: large;\">D\u00e8s mon enfance, j\u2019appr\u00e9cie cr\u00e9er de mes mains. Issue d\u2019une famille de manuels, l\u2019on m\u2019a transmis le go\u00fbt de fabriquer par soi-m\u00eame\u2026 <\/span><\/span><\/blockquote>\n\n\n\n<p style=\"line-height: 108%; margin-bottom: 0.28cm;\"><span style=\"color: #0000ff;\"><span style=\"font-family: Berlin Sans FB, serif;\"><span style=\"font-size: x-large;\">\u00a0<\/span><\/span><\/span><\/p>\n\n\n\n\n\t\t\t\t\t\t\t\t<\/div>\n\t\t\t\t<\/div>\n\t\t\t\t<div class=\"elementor-element elementor-element-5f53638 elementor-widget__width-initial elementor-widget elementor-widget-image\" data-id=\"5f53638\" data-element_type=\"widget\" data-widget_type=\"image.default\">\n\t\t\t\t<div class=\"elementor-widget-container\">\n\t\t\t\t\t\t\t\t\t\t\t\t\t\t\t<img fetchpriority=\"high\" decoding=\"async\" width=\"750\" height=\"969\" src=\"https:\/\/i0.wp.com\/atelierjam.be\/wp-content\/uploads\/2023\/08\/enfants.jpg?fit=750%2C969&amp;ssl=1\" class=\"attachment-medium_large size-medium_large wp-image-52\" alt=\"\" srcset=\"https:\/\/i0.wp.com\/atelierjam.be\/wp-content\/uploads\/2023\/08\/enfants.jpg?w=1586&amp;ssl=1 1586w, https:\/\/i0.wp.com\/atelierjam.be\/wp-content\/uploads\/2023\/08\/enfants.jpg?resize=232%2C300&amp;ssl=1 232w, https:\/\/i0.wp.com\/atelierjam.be\/wp-content\/uploads\/2023\/08\/enfants.jpg?resize=793%2C1024&amp;ssl=1 793w, https:\/\/i0.wp.com\/atelierjam.be\/wp-content\/uploads\/2023\/08\/enfants.jpg?resize=768%2C992&amp;ssl=1 768w, https:\/\/i0.wp.com\/atelierjam.be\/wp-content\/uploads\/2023\/08\/enfants.jpg?resize=1190%2C1536&amp;ssl=1 1190w, https:\/\/i0.wp.com\/atelierjam.be\/wp-content\/uploads\/2023\/08\/enfants.jpg?resize=1140%2C1472&amp;ssl=1 1140w, https:\/\/i0.wp.com\/atelierjam.be\/wp-content\/uploads\/2023\/08\/enfants.jpg?w=1500&amp;ssl=1 1500w\" sizes=\"(max-width: 750px) 100vw, 750px\" \/>\t\t\t\t\t\t\t\t\t\t\t\t\t\t\t<\/div>\n\t\t\t\t<\/div>\n\t\t\t\t<div class=\"elementor-element elementor-element-e2b3a91 elementor-widget__width-initial elementor-widget elementor-widget-text-editor\" data-id=\"e2b3a91\" data-element_type=\"widget\" data-widget_type=\"text-editor.default\">\n\t\t\t\t<div class=\"elementor-widget-container\">\n\t\t\t\t\t\t\t\t\t<p><\/p>\n<p><span style=\"color: #6e92bf;\"><span style=\"font-family: Berlin Sans FB, serif;\"><span style=\"font-size: x-large;\">\u00a0<\/span><\/span><\/span><\/p>\n<p><span style=\"color: #6e92bf;\"><span style=\"font-family: Berlin Sans FB, serif;\"><span style=\"font-size: x-large;\">Un \u00e9lan donn\u00e9 par mes quatre enfants\u00a0!<\/span><\/span><\/span><\/p>\n<p><\/p>\n<p><\/p>\n<blockquote class=\"is-layout-flow wp-block-quote-is-layout-flow\">\n<p style=\"line-height: 108%; margin-bottom: 0.28cm;\"><span style=\"font-family: Agency FB, serif;\"><span style=\"font-size: large;\">C\u2019est lors de l\u2019installation dans notre nouvelle maison, con\u00e7ue avec mon<br \/>compagnon, que je d\u00e9cide de d\u00e9corer la chambre de chacun de mes<br \/>enfants en fonction de leur personnalit\u00e9\u00a0!<br \/><\/span><\/span><\/p>\n<p style=\"line-height: 108%; margin-bottom: 0.28cm;\"><span style=\"font-family: Agency FB, serif;\"><span style=\"font-size: large;\">Mes id\u00e9es fusent et afin de faire les choses avec le perfectionnisme<br \/>qu\u2019on me conna\u00eet, je d\u00e9cide de m\u2019inscrire \u00e0 une formation de restauration de meubles.<\/span><\/span><\/p>\n<p style=\"line-height: 108%; margin-bottom: 0.28cm;\"><span style=\"font-family: Agency FB, serif;\"><span style=\"font-size: large;\">Mes premi\u00e8res r\u00e9alisations sont applaudies par mes connaissances et<br \/>cela me donne de la confiance dans cette nouvelle voie.<\/span><\/span><\/p>\n<\/blockquote>\n<p><\/p>\n<p><\/p>\t\t\t\t\t\t\t\t<\/div>\n\t\t\t\t<\/div>\n\t\t\t\t\t<\/div>\n\t\t<\/div>\n\t\t\t\t\t<\/div>\n\t\t<\/section>\n\t\t\t\t<section class=\"elementor-section elementor-top-section elementor-element elementor-element-5961800 elementor-section-height-min-height elementor-section-content-middle elementor-section-full_width elementor-section-height-default elementor-section-items-middle\" data-id=\"5961800\" data-element_type=\"section\" data-settings=\"{&quot;background_background&quot;:&quot;classic&quot;}\">\n\t\t\t\t\t\t<div class=\"elementor-container elementor-column-gap-no\">\n\t\t\t\t\t<div class=\"elementor-column elementor-col-100 elementor-top-column elementor-element elementor-element-ea47c18\" data-id=\"ea47c18\" data-element_type=\"column\">\n\t\t\t<div class=\"elementor-widget-wrap elementor-element-populated\">\n\t\t\t\t\t\t<div class=\"elementor-element elementor-element-1ef53d0 elementor-widget elementor-widget-heading\" data-id=\"1ef53d0\" data-element_type=\"widget\" data-widget_type=\"heading.default\">\n\t\t\t\t<div class=\"elementor-widget-container\">\n\t\t\t\t\t<p class=\"elementor-heading-title elementor-size-default\">\u00a9 2023 Tous droits r\u00e9serv\u00e9s. Cr\u00e9dit photos : Dominique Pire - Caroline Cong\u00e9<\/p>\t\t\t\t<\/div>\n\t\t\t\t<\/div>\n\t\t\t\t\t<\/div>\n\t\t<\/div>\n\t\t\t\t\t<\/div>\n\t\t<\/section>\n\t\t\t\t<\/div>\n\t\t","protected":false},"excerpt":{"rendered":"<p>Du changement professionnel\u2026 Si vous me demandez pourquoi, alors que je suis infirmi\u00e8re depuis 2005, je me suis dirig\u00e9e vers la restauration de meubles, je vous r\u00e9ponds\u00a0: \u00ab\u00a0car j\u2019ai toujours aim\u00e9 rendre belles les choses, m\u00eame celles que l\u2019on pourrait<\/p>\n","protected":false},"author":1,"featured_media":0,"parent":0,"menu_order":3,"comment_status":"closed","ping_status":"closed","template":"","meta":{"jetpack_post_was_ever_published":false,"footnotes":""},"class_list":["post-17","page","type-page","status-publish","hentry"],"yoast_head":"<!-- This site is optimized with the Yoast SEO plugin v25.0 - https:\/\/yoast.com\/wordpress\/plugins\/seo\/ -->\n<title>Qui suis-je? - JAM Atelier Vintage<\/title>\n<meta name=\"robots\" content=\"index, follow, max-snippet:-1, max-image-preview:large, max-video-preview:-1\" \/>\n<link rel=\"canonical\" href=\"https:\/\/atelierjam.be\/?page_id=17\" \/>\n<meta property=\"og:locale\" content=\"fr_FR\" \/>\n<meta property=\"og:type\" content=\"article\" \/>\n<meta property=\"og:title\" content=\"Qui suis-je? - JAM Atelier Vintage\" \/>\n<meta property=\"og:description\" content=\"Du changement professionnel\u2026 Si vous me demandez pourquoi, alors que je suis infirmi\u00e8re depuis 2005, je me suis dirig\u00e9e vers la restauration de meubles, je vous r\u00e9ponds\u00a0: \u00ab\u00a0car j\u2019ai toujours aim\u00e9 rendre belles les choses, m\u00eame celles que l\u2019on pourrait\" \/>\n<meta property=\"og:url\" content=\"https:\/\/atelierjam.be\/?page_id=17\" \/>\n<meta property=\"og:site_name\" content=\"JAM Atelier Vintage\" \/>\n<meta property=\"article:publisher\" content=\"https:\/\/www.facebook.com\/people\/Latelier-Jam\/100094490956341\/\" \/>\n<meta property=\"article:modified_time\" content=\"2023-09-22T10:20:17+00:00\" \/>\n<meta property=\"og:image\" content=\"https:\/\/atelierjam.be\/wp-content\/uploads\/2023\/08\/marie_photo-150x150.jpg\" \/>\n<meta name=\"twitter:card\" content=\"summary_large_image\" \/>\n<meta name=\"twitter:label1\" content=\"Dur\u00e9e de lecture est.\" \/>\n\t<meta name=\"twitter:data1\" content=\"1 minute\" \/>\n<script type=\"application\/ld+json\" class=\"yoast-schema-graph\">{\"@context\":\"https:\/\/schema.org\",\"@graph\":[{\"@type\":\"WebPage\",\"@id\":\"https:\/\/atelierjam.be\/?page_id=17\",\"url\":\"https:\/\/atelierjam.be\/?page_id=17\",\"name\":\"Qui suis-je? - JAM Atelier Vintage\",\"isPartOf\":{\"@id\":\"https:\/\/atelierjam.be\/#website\"},\"primaryImageOfPage\":{\"@id\":\"https:\/\/atelierjam.be\/?page_id=17#primaryimage\"},\"image\":{\"@id\":\"https:\/\/atelierjam.be\/?page_id=17#primaryimage\"},\"thumbnailUrl\":\"https:\/\/atelierjam.be\/wp-content\/uploads\/2023\/08\/marie_photo-150x150.jpg\",\"datePublished\":\"2023-08-23T19:50:41+00:00\",\"dateModified\":\"2023-09-22T10:20:17+00:00\",\"breadcrumb\":{\"@id\":\"https:\/\/atelierjam.be\/?page_id=17#breadcrumb\"},\"inLanguage\":\"fr-BE\",\"potentialAction\":[{\"@type\":\"ReadAction\",\"target\":[\"https:\/\/atelierjam.be\/?page_id=17\"]}]},{\"@type\":\"ImageObject\",\"inLanguage\":\"fr-BE\",\"@id\":\"https:\/\/atelierjam.be\/?page_id=17#primaryimage\",\"url\":\"https:\/\/i0.wp.com\/atelierjam.be\/wp-content\/uploads\/2023\/08\/marie_photo.jpg?fit=800%2C800&ssl=1\",\"contentUrl\":\"https:\/\/i0.wp.com\/atelierjam.be\/wp-content\/uploads\/2023\/08\/marie_photo.jpg?fit=800%2C800&ssl=1\",\"width\":800,\"height\":800},{\"@type\":\"BreadcrumbList\",\"@id\":\"https:\/\/atelierjam.be\/?page_id=17#breadcrumb\",\"itemListElement\":[{\"@type\":\"ListItem\",\"position\":1,\"name\":\"Accueil\",\"item\":\"https:\/\/atelierjam.be\/\"},{\"@type\":\"ListItem\",\"position\":2,\"name\":\"Qui suis-je?\"}]},{\"@type\":\"WebSite\",\"@id\":\"https:\/\/atelierjam.be\/#website\",\"url\":\"https:\/\/atelierjam.be\/\",\"name\":\"JAM Atelier Vintage\",\"description\":\"Restauration Vintage Meubles\",\"potentialAction\":[{\"@type\":\"SearchAction\",\"target\":{\"@type\":\"EntryPoint\",\"urlTemplate\":\"https:\/\/atelierjam.be\/?s={search_term_string}\"},\"query-input\":{\"@type\":\"PropertyValueSpecification\",\"valueRequired\":true,\"valueName\":\"search_term_string\"}}],\"inLanguage\":\"fr-BE\"}]}<\/script>\n<!-- \/ Yoast SEO plugin. -->","yoast_head_json":{"title":"Qui suis-je? - JAM Atelier Vintage","robots":{"index":"index","follow":"follow","max-snippet":"max-snippet:-1","max-image-preview":"max-image-preview:large","max-video-preview":"max-video-preview:-1"},"canonical":"https:\/\/atelierjam.be\/?page_id=17","og_locale":"fr_FR","og_type":"article","og_title":"Qui suis-je? - JAM Atelier Vintage","og_description":"Du changement professionnel\u2026 Si vous me demandez pourquoi, alors que je suis infirmi\u00e8re depuis 2005, je me suis dirig\u00e9e vers la restauration de meubles, je vous r\u00e9ponds\u00a0: \u00ab\u00a0car j\u2019ai toujours aim\u00e9 rendre belles les choses, m\u00eame celles que l\u2019on pourrait","og_url":"https:\/\/atelierjam.be\/?page_id=17","og_site_name":"JAM Atelier Vintage","article_publisher":"https:\/\/www.facebook.com\/people\/Latelier-Jam\/100094490956341\/","article_modified_time":"2023-09-22T10:20:17+00:00","og_image":[{"url":"https:\/\/atelierjam.be\/wp-content\/uploads\/2023\/08\/marie_photo-150x150.jpg","type":"","width":"","height":""}],"twitter_card":"summary_large_image","twitter_misc":{"Dur\u00e9e de lecture est.":"1 minute"},"schema":{"@context":"https:\/\/schema.org","@graph":[{"@type":"WebPage","@id":"https:\/\/atelierjam.be\/?page_id=17","url":"https:\/\/atelierjam.be\/?page_id=17","name":"Qui suis-je? - JAM Atelier Vintage","isPartOf":{"@id":"https:\/\/atelierjam.be\/#website"},"primaryImageOfPage":{"@id":"https:\/\/atelierjam.be\/?page_id=17#primaryimage"},"image":{"@id":"https:\/\/atelierjam.be\/?page_id=17#primaryimage"},"thumbnailUrl":"https:\/\/atelierjam.be\/wp-content\/uploads\/2023\/08\/marie_photo-150x150.jpg","datePublished":"2023-08-23T19:50:41+00:00","dateModified":"2023-09-22T10:20:17+00:00","breadcrumb":{"@id":"https:\/\/atelierjam.be\/?page_id=17#breadcrumb"},"inLanguage":"fr-BE","potentialAction":[{"@type":"ReadAction","target":["https:\/\/atelierjam.be\/?page_id=17"]}]},{"@type":"ImageObject","inLanguage":"fr-BE","@id":"https:\/\/atelierjam.be\/?page_id=17#primaryimage","url":"https:\/\/i0.wp.com\/atelierjam.be\/wp-content\/uploads\/2023\/08\/marie_photo.jpg?fit=800%2C800&ssl=1","contentUrl":"https:\/\/i0.wp.com\/atelierjam.be\/wp-content\/uploads\/2023\/08\/marie_photo.jpg?fit=800%2C800&ssl=1","width":800,"height":800},{"@type":"BreadcrumbList","@id":"https:\/\/atelierjam.be\/?page_id=17#breadcrumb","itemListElement":[{"@type":"ListItem","position":1,"name":"Accueil","item":"https:\/\/atelierjam.be\/"},{"@type":"ListItem","position":2,"name":"Qui suis-je?"}]},{"@type":"WebSite","@id":"https:\/\/atelierjam.be\/#website","url":"https:\/\/atelierjam.be\/","name":"JAM Atelier Vintage","description":"Restauration Vintage Meubles","potentialAction":[{"@type":"SearchAction","target":{"@type":"EntryPoint","urlTemplate":"https:\/\/atelierjam.be\/?s={search_term_string}"},"query-input":{"@type":"PropertyValueSpecification","valueRequired":true,"valueName":"search_term_string"}}],"inLanguage":"fr-BE"}]}},"jetpack-related-posts":[],"jetpack_sharing_enabled":true,"_links":{"self":[{"href":"https:\/\/atelierjam.be\/index.php?rest_route=\/wp\/v2\/pages\/17","targetHints":{"allow":["GET"]}}],"collection":[{"href":"https:\/\/atelierjam.be\/index.php?rest_route=\/wp\/v2\/pages"}],"about":[{"href":"https:\/\/atelierjam.be\/index.php?rest_route=\/wp\/v2\/types\/page"}],"author":[{"embeddable":true,"href":"https:\/\/atelierjam.be\/index.php?rest_route=\/wp\/v2\/users\/1"}],"replies":[{"embeddable":true,"href":"https:\/\/atelierjam.be\/index.php?rest_route=%2Fwp%2Fv2%2Fcomments&post=17"}],"version-history":[{"count":19,"href":"https:\/\/atelierjam.be\/index.php?rest_route=\/wp\/v2\/pages\/17\/revisions"}],"predecessor-version":[{"id":1151,"href":"https:\/\/atelierjam.be\/index.php?rest_route=\/wp\/v2\/pages\/17\/revisions\/1151"}],"wp:attachment":[{"href":"https:\/\/atelierjam.be\/index.php?rest_route=%2Fwp%2Fv2%2Fmedia&parent=17"}],"curies":[{"name":"wp","href":"https:\/\/api.w.org\/{rel}","templated":true}]}}