{"id":206,"date":"2023-09-12T07:36:49","date_gmt":"2023-09-12T07:36:49","guid":{"rendered":"https:\/\/atelierjam.be\/?page_id=206"},"modified":"2024-02-19T11:50:53","modified_gmt":"2024-02-19T11:50:53","slug":"buffet-blacknight","status":"publish","type":"page","link":"https:\/\/atelierjam.be\/?page_id=206","title":{"rendered":"Buffet Blacknight"},"content":{"rendered":"\t\t<div data-elementor-type=\"wp-page\" data-elementor-id=\"206\" class=\"elementor elementor-206\">\n\t\t\t\t\t\t<section class=\"elementor-section elementor-top-section elementor-element elementor-element-b9614f3 elementor-section-boxed elementor-section-height-default elementor-section-height-default\" data-id=\"b9614f3\" data-element_type=\"section\">\n\t\t\t\t\t\t<div class=\"elementor-container elementor-column-gap-default\">\n\t\t\t\t\t<div class=\"elementor-column elementor-col-33 elementor-top-column elementor-element elementor-element-426bbc9\" data-id=\"426bbc9\" data-element_type=\"column\">\n\t\t\t<div class=\"elementor-widget-wrap elementor-element-populated\">\n\t\t\t\t\t\t<div class=\"elementor-element elementor-element-726f538 elementor-widget elementor-widget-heading\" data-id=\"726f538\" data-element_type=\"widget\" data-widget_type=\"heading.default\">\n\t\t\t\t<div class=\"elementor-widget-container\">\n\t\t\t\t\t<h2 class=\"elementor-heading-title elementor-size-default\"><\/h2>\t\t\t\t<\/div>\n\t\t\t\t<\/div>\n\t\t\t\t\t<\/div>\n\t\t<\/div>\n\t\t\t\t<div class=\"elementor-column elementor-col-33 elementor-top-column elementor-element elementor-element-84b7f66\" data-id=\"84b7f66\" data-element_type=\"column\">\n\t\t\t<div class=\"elementor-widget-wrap elementor-element-populated\">\n\t\t\t\t\t\t<div class=\"elementor-element elementor-element-d3e8b7e elementor-widget elementor-widget-heading\" data-id=\"d3e8b7e\" data-element_type=\"widget\" data-widget_type=\"heading.default\">\n\t\t\t\t<div class=\"elementor-widget-container\">\n\t\t\t\t\t<h2 class=\"elementor-heading-title elementor-size-default\">Buffet Blacknight<\/h2>\t\t\t\t<\/div>\n\t\t\t\t<\/div>\n\t\t\t\t<div class=\"elementor-element elementor-element-f9efef6 elementor-arrows-position-outside elementor-pagination-position-outside elementor-widget elementor-widget-image-carousel\" data-id=\"f9efef6\" data-element_type=\"widget\" data-settings=\"{&quot;slides_to_show&quot;:&quot;1&quot;,&quot;autoplay&quot;:&quot;no&quot;,&quot;navigation&quot;:&quot;both&quot;,&quot;infinite&quot;:&quot;yes&quot;,&quot;effect&quot;:&quot;slide&quot;,&quot;speed&quot;:500}\" data-widget_type=\"image-carousel.default\">\n\t\t\t\t<div class=\"elementor-widget-container\">\n\t\t\t\t\t\t\t<div class=\"elementor-image-carousel-wrapper swiper\" role=\"region\" aria-roledescription=\"carousel\" aria-label=\"Carrousel d\u2019images\" dir=\"ltr\">\n\t\t\t<div class=\"elementor-image-carousel swiper-wrapper\" aria-live=\"polite\">\n\t\t\t\t\t\t\t\t<div class=\"swiper-slide\" role=\"group\" aria-roledescription=\"slide\" aria-label=\"1 of 9\"><figure class=\"swiper-slide-inner\"><img decoding=\"async\" class=\"swiper-slide-image\" src=\"https:\/\/i0.wp.com\/atelierjam.be\/wp-content\/uploads\/2023\/09\/Blacknight_diapo_3.jpg?fit=450%2C600&amp;ssl=1\" alt=\"Blacknight_diapo_3\" \/><\/figure><\/div><div class=\"swiper-slide\" role=\"group\" aria-roledescription=\"slide\" aria-label=\"2 of 9\"><figure class=\"swiper-slide-inner\"><img decoding=\"async\" class=\"swiper-slide-image\" src=\"https:\/\/i0.wp.com\/atelierjam.be\/wp-content\/uploads\/2023\/09\/Blacknight_diapo_4.jpg?fit=450%2C600&amp;ssl=1\" alt=\"Blacknight_diapo_4\" \/><\/figure><\/div><div class=\"swiper-slide\" role=\"group\" aria-roledescription=\"slide\" aria-label=\"3 of 9\"><figure class=\"swiper-slide-inner\"><img decoding=\"async\" class=\"swiper-slide-image\" src=\"https:\/\/i0.wp.com\/atelierjam.be\/wp-content\/uploads\/2023\/09\/Blacknight_diapo_2.jpg?fit=450%2C600&amp;ssl=1\" alt=\"Blacknight_diapo_2\" \/><\/figure><\/div><div class=\"swiper-slide\" role=\"group\" aria-roledescription=\"slide\" aria-label=\"4 of 9\"><figure class=\"swiper-slide-inner\"><img decoding=\"async\" class=\"swiper-slide-image\" src=\"https:\/\/i0.wp.com\/atelierjam.be\/wp-content\/uploads\/2023\/09\/Blacknight_diapo_1.jpg?fit=450%2C600&amp;ssl=1\" alt=\"Blacknight_diapo_1\" \/><\/figure><\/div><div class=\"swiper-slide\" role=\"group\" aria-roledescription=\"slide\" aria-label=\"5 of 9\"><figure class=\"swiper-slide-inner\"><img decoding=\"async\" class=\"swiper-slide-image\" src=\"https:\/\/i0.wp.com\/atelierjam.be\/wp-content\/uploads\/2023\/09\/Blacknight-main.jpg?fit=750%2C750&amp;ssl=1\" alt=\"Blacknight main\" \/><\/figure><\/div><div class=\"swiper-slide\" role=\"group\" aria-roledescription=\"slide\" aria-label=\"6 of 9\"><figure class=\"swiper-slide-inner\"><img decoding=\"async\" class=\"swiper-slide-image\" src=\"https:\/\/i0.wp.com\/atelierjam.be\/wp-content\/uploads\/2023\/09\/Blacknight_diapo_1-1.jpg?fit=450%2C600&amp;ssl=1\" alt=\"Blacknight_diapo_1\" \/><\/figure><\/div><div class=\"swiper-slide\" role=\"group\" aria-roledescription=\"slide\" aria-label=\"7 of 9\"><figure class=\"swiper-slide-inner\"><img decoding=\"async\" class=\"swiper-slide-image\" src=\"https:\/\/i0.wp.com\/atelierjam.be\/wp-content\/uploads\/2023\/09\/Blacknight_diapo_2-1.jpg?fit=450%2C600&amp;ssl=1\" alt=\"Blacknight_diapo_2\" \/><\/figure><\/div><div class=\"swiper-slide\" role=\"group\" aria-roledescription=\"slide\" aria-label=\"8 of 9\"><figure class=\"swiper-slide-inner\"><img decoding=\"async\" class=\"swiper-slide-image\" src=\"https:\/\/i0.wp.com\/atelierjam.be\/wp-content\/uploads\/2023\/09\/Blacknight_diapo_3-1.jpg?fit=450%2C600&amp;ssl=1\" alt=\"Blacknight_diapo_3\" \/><\/figure><\/div><div class=\"swiper-slide\" role=\"group\" aria-roledescription=\"slide\" aria-label=\"9 of 9\"><figure class=\"swiper-slide-inner\"><img decoding=\"async\" class=\"swiper-slide-image\" src=\"https:\/\/i0.wp.com\/atelierjam.be\/wp-content\/uploads\/2023\/09\/Blacknight_diapo_4-1.jpg?fit=450%2C600&amp;ssl=1\" alt=\"Blacknight_diapo_4\" \/><\/figure><\/div>\t\t\t<\/div>\n\t\t\t\t\t\t\t\t\t\t\t\t<div class=\"elementor-swiper-button elementor-swiper-button-prev\" role=\"button\" tabindex=\"0\">\n\t\t\t\t\t\t<i aria-hidden=\"true\" class=\"eicon-chevron-left\"><\/i>\t\t\t\t\t<\/div>\n\t\t\t\t\t<div class=\"elementor-swiper-button elementor-swiper-button-next\" role=\"button\" tabindex=\"0\">\n\t\t\t\t\t\t<i aria-hidden=\"true\" class=\"eicon-chevron-right\"><\/i>\t\t\t\t\t<\/div>\n\t\t\t\t\n\t\t\t\t\t\t\t\t\t<div class=\"swiper-pagination\"><\/div>\n\t\t\t\t\t\t\t\t\t<\/div>\n\t\t\t\t\t\t<\/div>\n\t\t\t\t<\/div>\n\t\t\t\t\t<\/div>\n\t\t<\/div>\n\t\t\t\t<div class=\"elementor-column elementor-col-33 elementor-top-column elementor-element elementor-element-c15a133\" data-id=\"c15a133\" data-element_type=\"column\">\n\t\t\t<div class=\"elementor-widget-wrap elementor-element-populated\">\n\t\t\t\t\t\t<div class=\"elementor-element elementor-element-22aa6ef elementor-widget elementor-widget-heading\" data-id=\"22aa6ef\" data-element_type=\"widget\" data-widget_type=\"heading.default\">\n\t\t\t\t<div class=\"elementor-widget-container\">\n\t\t\t\t\t<h2 class=\"elementor-heading-title elementor-size-default\">---<\/h2>\t\t\t\t<\/div>\n\t\t\t\t<\/div>\n\t\t\t\t<div class=\"elementor-element elementor-element-fadf222 elementor-widget elementor-widget-text-editor\" data-id=\"fadf222\" data-element_type=\"widget\" data-widget_type=\"text-editor.default\">\n\t\t\t\t<div class=\"elementor-widget-container\">\n\t\t\t\t\t\t\t\t\t<p>Joli buffet haut Vintage avec sa belle couleur anthracite aux reflets bleus profond.<\/p><p>Poign\u00e9es et pieds d&rsquo;origine.<\/p><p>Une porte coulissante permet de choisir entre un c\u00f4t\u00e9 peint et l&rsquo;autre bois\u00e9.<\/p><p>Il est compos\u00e9 \u00e9galement de deux tiroirs et une petite armoire.<\/p>\t\t\t\t\t\t\t\t<\/div>\n\t\t\t\t<\/div>\n\t\t\t\t<div class=\"elementor-element elementor-element-6e20e42 elementor-align-center elementor-widget elementor-widget-button\" data-id=\"6e20e42\" data-element_type=\"widget\" data-widget_type=\"button.default\">\n\t\t\t\t<div class=\"elementor-widget-container\">\n\t\t\t\t\t\t\t\t\t<div class=\"elementor-button-wrapper\">\n\t\t\t\t\t<a class=\"elementor-button elementor-button-link elementor-size-sm\" href=\"https:\/\/atelierjam.be\/?page_id=71\">\n\t\t\t\t\t\t<span class=\"elementor-button-content-wrapper\">\n\t\t\t\t\t\t\t\t\t<span class=\"elementor-button-text\">Indisponible<\/span>\n\t\t\t\t\t<\/span>\n\t\t\t\t\t<\/a>\n\t\t\t\t<\/div>\n\t\t\t\t\t\t\t\t<\/div>\n\t\t\t\t<\/div>\n\t\t\t\t<div class=\"elementor-element elementor-element-b543c81 elementor-hidden-tablet elementor-hidden-mobile elementor-widget elementor-widget-spacer\" data-id=\"b543c81\" data-element_type=\"widget\" data-widget_type=\"spacer.default\">\n\t\t\t\t<div class=\"elementor-widget-container\">\n\t\t\t\t\t\t\t<div class=\"elementor-spacer\">\n\t\t\t<div class=\"elementor-spacer-inner\"><\/div>\n\t\t<\/div>\n\t\t\t\t\t\t<\/div>\n\t\t\t\t<\/div>\n\t\t\t\t<div class=\"elementor-element elementor-element-795f04f elementor-icon-list--layout-traditional elementor-list-item-link-full_width elementor-widget elementor-widget-icon-list\" data-id=\"795f04f\" data-element_type=\"widget\" data-widget_type=\"icon-list.default\">\n\t\t\t\t<div class=\"elementor-widget-container\">\n\t\t\t\t\t\t\t<ul class=\"elementor-icon-list-items\">\n\t\t\t\t\t\t\t<li class=\"elementor-icon-list-item\">\n\t\t\t\t\t\t\t\t\t\t\t<span class=\"elementor-icon-list-icon\">\n\t\t\t\t\t\t\t<i aria-hidden=\"true\" class=\"fas fa-ruler-vertical\"><\/i>\t\t\t\t\t\t<\/span>\n\t\t\t\t\t\t\t\t\t\t<span class=\"elementor-icon-list-text\">H : 119 cm<\/span>\n\t\t\t\t\t\t\t\t\t<\/li>\n\t\t\t\t\t\t\t\t<li class=\"elementor-icon-list-item\">\n\t\t\t\t\t\t\t\t\t\t\t<span class=\"elementor-icon-list-icon\">\n\t\t\t\t\t\t\t<i aria-hidden=\"true\" class=\"fas fa-ruler-horizontal\"><\/i>\t\t\t\t\t\t<\/span>\n\t\t\t\t\t\t\t\t\t\t<span class=\"elementor-icon-list-text\">L : 110 cm<\/span>\n\t\t\t\t\t\t\t\t\t<\/li>\n\t\t\t\t\t\t\t\t<li class=\"elementor-icon-list-item\">\n\t\t\t\t\t\t\t\t\t\t\t<span class=\"elementor-icon-list-icon\">\n\t\t\t\t\t\t\t<i aria-hidden=\"true\" class=\"fas fa-ruler\"><\/i>\t\t\t\t\t\t<\/span>\n\t\t\t\t\t\t\t\t\t\t<span class=\"elementor-icon-list-text\"> P : 38,5 cm<\/span>\n\t\t\t\t\t\t\t\t\t<\/li>\n\t\t\t\t\t\t<\/ul>\n\t\t\t\t\t\t<\/div>\n\t\t\t\t<\/div>\n\t\t\t\t\t<\/div>\n\t\t<\/div>\n\t\t\t\t\t<\/div>\n\t\t<\/section>\n\t\t\t\t<section class=\"elementor-section elementor-top-section elementor-element elementor-element-d43e596 elementor-section-boxed elementor-section-height-default elementor-section-height-default\" data-id=\"d43e596\" data-element_type=\"section\">\n\t\t\t\t\t\t<div class=\"elementor-container elementor-column-gap-default\">\n\t\t\t\t\t<div class=\"elementor-column elementor-col-100 elementor-top-column elementor-element elementor-element-f3344dd\" data-id=\"f3344dd\" data-element_type=\"column\">\n\t\t\t<div class=\"elementor-widget-wrap elementor-element-populated\">\n\t\t\t\t\t\t<div class=\"elementor-element elementor-element-86d2013 elementor-widget-divider--view-line elementor-widget elementor-widget-divider\" data-id=\"86d2013\" data-element_type=\"widget\" data-widget_type=\"divider.default\">\n\t\t\t\t<div class=\"elementor-widget-container\">\n\t\t\t\t\t\t\t<div class=\"elementor-divider\">\n\t\t\t<span class=\"elementor-divider-separator\">\n\t\t\t\t\t\t<\/span>\n\t\t<\/div>\n\t\t\t\t\t\t<\/div>\n\t\t\t\t<\/div>\n\t\t\t\t\t<\/div>\n\t\t<\/div>\n\t\t\t\t\t<\/div>\n\t\t<\/section>\n\t\t\t\t<section class=\"elementor-section elementor-top-section elementor-element elementor-element-d6b4be6 elementor-section-boxed elementor-section-height-default elementor-section-height-default\" data-id=\"d6b4be6\" data-element_type=\"section\">\n\t\t\t\t\t\t<div class=\"elementor-container elementor-column-gap-default\">\n\t\t\t\t\t<div class=\"elementor-column elementor-col-50 elementor-top-column elementor-element elementor-element-ce55ea1\" data-id=\"ce55ea1\" data-element_type=\"column\">\n\t\t\t<div class=\"elementor-widget-wrap elementor-element-populated\">\n\t\t\t\t\t\t<div class=\"elementor-element elementor-element-56dbd02 elementor-align-center elementor-widget elementor-widget-button\" data-id=\"56dbd02\" data-element_type=\"widget\" data-widget_type=\"button.default\">\n\t\t\t\t<div class=\"elementor-widget-container\">\n\t\t\t\t\t\t\t\t\t<div class=\"elementor-button-wrapper\">\n\t\t\t\t\t<a class=\"elementor-button elementor-button-link elementor-size-sm\" href=\"https:\/\/atelierjam.be\/?page_id=206\">\n\t\t\t\t\t\t<span class=\"elementor-button-content-wrapper\">\n\t\t\t\t\t\t\t\t\t<span class=\"elementor-button-text\">Pr\u00e9c\u00e9dent<\/span>\n\t\t\t\t\t<\/span>\n\t\t\t\t\t<\/a>\n\t\t\t\t<\/div>\n\t\t\t\t\t\t\t\t<\/div>\n\t\t\t\t<\/div>\n\t\t\t\t\t<\/div>\n\t\t<\/div>\n\t\t\t\t<div class=\"elementor-column elementor-col-50 elementor-top-column elementor-element elementor-element-e83c543\" data-id=\"e83c543\" data-element_type=\"column\">\n\t\t\t<div class=\"elementor-widget-wrap elementor-element-populated\">\n\t\t\t\t\t\t<div class=\"elementor-element elementor-element-a242bea elementor-align-center elementor-widget elementor-widget-button\" data-id=\"a242bea\" data-element_type=\"widget\" data-widget_type=\"button.default\">\n\t\t\t\t<div class=\"elementor-widget-container\">\n\t\t\t\t\t\t\t\t\t<div class=\"elementor-button-wrapper\">\n\t\t\t\t\t<a class=\"elementor-button elementor-button-link elementor-size-sm\" href=\"https:\/\/atelierjam.be\/?page_id=235\">\n\t\t\t\t\t\t<span class=\"elementor-button-content-wrapper\">\n\t\t\t\t\t\t\t\t\t<span class=\"elementor-button-text\">Suivant   <\/span>\n\t\t\t\t\t<\/span>\n\t\t\t\t\t<\/a>\n\t\t\t\t<\/div>\n\t\t\t\t\t\t\t\t<\/div>\n\t\t\t\t<\/div>\n\t\t\t\t\t<\/div>\n\t\t<\/div>\n\t\t\t\t\t<\/div>\n\t\t<\/section>\n\t\t\t\t<\/div>\n\t\t","protected":false},"excerpt":{"rendered":"<p>Buffet Blacknight &#8212; Joli buffet haut Vintage avec sa belle couleur anthracite aux reflets bleus profond. Poign\u00e9es et pieds d&rsquo;origine. Une porte coulissante permet de choisir entre un c\u00f4t\u00e9 peint et l&rsquo;autre bois\u00e9. Il est compos\u00e9 \u00e9galement de deux tiroirs<\/p>\n","protected":false},"author":1,"featured_media":0,"parent":68,"menu_order":-1,"comment_status":"closed","ping_status":"closed","template":"","meta":{"jetpack_post_was_ever_published":false,"footnotes":""},"class_list":["post-206","page","type-page","status-publish","hentry"],"yoast_head":"<!-- This site is optimized with the Yoast SEO plugin v25.0 - https:\/\/yoast.com\/wordpress\/plugins\/seo\/ -->\n<title>Buffet Blacknight - JAM Atelier Vintage<\/title>\n<meta name=\"robots\" content=\"index, follow, max-snippet:-1, max-image-preview:large, max-video-preview:-1\" \/>\n<link rel=\"canonical\" href=\"https:\/\/atelierjam.be\/?page_id=206\" \/>\n<meta property=\"og:locale\" content=\"fr_FR\" \/>\n<meta property=\"og:type\" content=\"article\" \/>\n<meta property=\"og:title\" content=\"Buffet Blacknight - JAM Atelier Vintage\" \/>\n<meta property=\"og:description\" content=\"Buffet Blacknight &#8212; Joli buffet haut Vintage avec sa belle couleur anthracite aux reflets bleus profond. Poign\u00e9es et pieds d&rsquo;origine. Une porte coulissante permet de choisir entre un c\u00f4t\u00e9 peint et l&rsquo;autre bois\u00e9. Il est compos\u00e9 \u00e9galement de deux tiroirs\" \/>\n<meta property=\"og:url\" content=\"https:\/\/atelierjam.be\/?page_id=206\" \/>\n<meta property=\"og:site_name\" content=\"JAM Atelier Vintage\" \/>\n<meta property=\"article:publisher\" content=\"https:\/\/www.facebook.com\/people\/Latelier-Jam\/100094490956341\/\" \/>\n<meta property=\"article:modified_time\" content=\"2024-02-19T11:50:53+00:00\" \/>\n<meta property=\"og:image\" content=\"https:\/\/atelierjam.be\/wp-content\/uploads\/2023\/09\/Blacknight_diapo_3.jpg\" \/>\n<meta name=\"twitter:card\" content=\"summary_large_image\" \/>\n<meta name=\"twitter:label1\" content=\"Dur\u00e9e de lecture est.\" \/>\n\t<meta name=\"twitter:data1\" content=\"3 minutes\" \/>\n<script type=\"application\/ld+json\" class=\"yoast-schema-graph\">{\"@context\":\"https:\/\/schema.org\",\"@graph\":[{\"@type\":\"WebPage\",\"@id\":\"https:\/\/atelierjam.be\/?page_id=206\",\"url\":\"https:\/\/atelierjam.be\/?page_id=206\",\"name\":\"Buffet Blacknight - JAM Atelier Vintage\",\"isPartOf\":{\"@id\":\"https:\/\/atelierjam.be\/#website\"},\"primaryImageOfPage\":{\"@id\":\"https:\/\/atelierjam.be\/?page_id=206#primaryimage\"},\"image\":{\"@id\":\"https:\/\/atelierjam.be\/?page_id=206#primaryimage\"},\"thumbnailUrl\":\"https:\/\/atelierjam.be\/wp-content\/uploads\/2023\/09\/Blacknight_diapo_3.jpg\",\"datePublished\":\"2023-09-12T07:36:49+00:00\",\"dateModified\":\"2024-02-19T11:50:53+00:00\",\"breadcrumb\":{\"@id\":\"https:\/\/atelierjam.be\/?page_id=206#breadcrumb\"},\"inLanguage\":\"fr-BE\",\"potentialAction\":[{\"@type\":\"ReadAction\",\"target\":[\"https:\/\/atelierjam.be\/?page_id=206\"]}]},{\"@type\":\"ImageObject\",\"inLanguage\":\"fr-BE\",\"@id\":\"https:\/\/atelierjam.be\/?page_id=206#primaryimage\",\"url\":\"https:\/\/i0.wp.com\/atelierjam.be\/wp-content\/uploads\/2023\/09\/Blacknight_diapo_3.jpg?fit=450%2C600&ssl=1\",\"contentUrl\":\"https:\/\/i0.wp.com\/atelierjam.be\/wp-content\/uploads\/2023\/09\/Blacknight_diapo_3.jpg?fit=450%2C600&ssl=1\",\"width\":450,\"height\":600},{\"@type\":\"BreadcrumbList\",\"@id\":\"https:\/\/atelierjam.be\/?page_id=206#breadcrumb\",\"itemListElement\":[{\"@type\":\"ListItem\",\"position\":1,\"name\":\"Accueil\",\"item\":\"https:\/\/atelierjam.be\/\"},{\"@type\":\"ListItem\",\"position\":2,\"name\":\"Shop\",\"item\":\"https:\/\/atelierjam.be\/?page_id=68\"},{\"@type\":\"ListItem\",\"position\":3,\"name\":\"Buffet Blacknight\"}]},{\"@type\":\"WebSite\",\"@id\":\"https:\/\/atelierjam.be\/#website\",\"url\":\"https:\/\/atelierjam.be\/\",\"name\":\"JAM Atelier Vintage\",\"description\":\"Restauration Vintage Meubles\",\"potentialAction\":[{\"@type\":\"SearchAction\",\"target\":{\"@type\":\"EntryPoint\",\"urlTemplate\":\"https:\/\/atelierjam.be\/?s={search_term_string}\"},\"query-input\":{\"@type\":\"PropertyValueSpecification\",\"valueRequired\":true,\"valueName\":\"search_term_string\"}}],\"inLanguage\":\"fr-BE\"}]}<\/script>\n<!-- \/ Yoast SEO plugin. -->","yoast_head_json":{"title":"Buffet Blacknight - JAM Atelier Vintage","robots":{"index":"index","follow":"follow","max-snippet":"max-snippet:-1","max-image-preview":"max-image-preview:large","max-video-preview":"max-video-preview:-1"},"canonical":"https:\/\/atelierjam.be\/?page_id=206","og_locale":"fr_FR","og_type":"article","og_title":"Buffet Blacknight - JAM Atelier Vintage","og_description":"Buffet Blacknight &#8212; Joli buffet haut Vintage avec sa belle couleur anthracite aux reflets bleus profond. Poign\u00e9es et pieds d&rsquo;origine. Une porte coulissante permet de choisir entre un c\u00f4t\u00e9 peint et l&rsquo;autre bois\u00e9. Il est compos\u00e9 \u00e9galement de deux tiroirs","og_url":"https:\/\/atelierjam.be\/?page_id=206","og_site_name":"JAM Atelier Vintage","article_publisher":"https:\/\/www.facebook.com\/people\/Latelier-Jam\/100094490956341\/","article_modified_time":"2024-02-19T11:50:53+00:00","og_image":[{"url":"https:\/\/atelierjam.be\/wp-content\/uploads\/2023\/09\/Blacknight_diapo_3.jpg","type":"","width":"","height":""}],"twitter_card":"summary_large_image","twitter_misc":{"Dur\u00e9e de lecture est.":"3 minutes"},"schema":{"@context":"https:\/\/schema.org","@graph":[{"@type":"WebPage","@id":"https:\/\/atelierjam.be\/?page_id=206","url":"https:\/\/atelierjam.be\/?page_id=206","name":"Buffet Blacknight - JAM Atelier Vintage","isPartOf":{"@id":"https:\/\/atelierjam.be\/#website"},"primaryImageOfPage":{"@id":"https:\/\/atelierjam.be\/?page_id=206#primaryimage"},"image":{"@id":"https:\/\/atelierjam.be\/?page_id=206#primaryimage"},"thumbnailUrl":"https:\/\/atelierjam.be\/wp-content\/uploads\/2023\/09\/Blacknight_diapo_3.jpg","datePublished":"2023-09-12T07:36:49+00:00","dateModified":"2024-02-19T11:50:53+00:00","breadcrumb":{"@id":"https:\/\/atelierjam.be\/?page_id=206#breadcrumb"},"inLanguage":"fr-BE","potentialAction":[{"@type":"ReadAction","target":["https:\/\/atelierjam.be\/?page_id=206"]}]},{"@type":"ImageObject","inLanguage":"fr-BE","@id":"https:\/\/atelierjam.be\/?page_id=206#primaryimage","url":"https:\/\/i0.wp.com\/atelierjam.be\/wp-content\/uploads\/2023\/09\/Blacknight_diapo_3.jpg?fit=450%2C600&ssl=1","contentUrl":"https:\/\/i0.wp.com\/atelierjam.be\/wp-content\/uploads\/2023\/09\/Blacknight_diapo_3.jpg?fit=450%2C600&ssl=1","width":450,"height":600},{"@type":"BreadcrumbList","@id":"https:\/\/atelierjam.be\/?page_id=206#breadcrumb","itemListElement":[{"@type":"ListItem","position":1,"name":"Accueil","item":"https:\/\/atelierjam.be\/"},{"@type":"ListItem","position":2,"name":"Shop","item":"https:\/\/atelierjam.be\/?page_id=68"},{"@type":"ListItem","position":3,"name":"Buffet Blacknight"}]},{"@type":"WebSite","@id":"https:\/\/atelierjam.be\/#website","url":"https:\/\/atelierjam.be\/","name":"JAM Atelier Vintage","description":"Restauration Vintage Meubles","potentialAction":[{"@type":"SearchAction","target":{"@type":"EntryPoint","urlTemplate":"https:\/\/atelierjam.be\/?s={search_term_string}"},"query-input":{"@type":"PropertyValueSpecification","valueRequired":true,"valueName":"search_term_string"}}],"inLanguage":"fr-BE"}]}},"jetpack-related-posts":[],"jetpack_sharing_enabled":true,"_links":{"self":[{"href":"https:\/\/atelierjam.be\/index.php?rest_route=\/wp\/v2\/pages\/206","targetHints":{"allow":["GET"]}}],"collection":[{"href":"https:\/\/atelierjam.be\/index.php?rest_route=\/wp\/v2\/pages"}],"about":[{"href":"https:\/\/atelierjam.be\/index.php?rest_route=\/wp\/v2\/types\/page"}],"author":[{"embeddable":true,"href":"https:\/\/atelierjam.be\/index.php?rest_route=\/wp\/v2\/users\/1"}],"replies":[{"embeddable":true,"href":"https:\/\/atelierjam.be\/index.php?rest_route=%2Fwp%2Fv2%2Fcomments&post=206"}],"version-history":[{"count":82,"href":"https:\/\/atelierjam.be\/index.php?rest_route=\/wp\/v2\/pages\/206\/revisions"}],"predecessor-version":[{"id":1246,"href":"https:\/\/atelierjam.be\/index.php?rest_route=\/wp\/v2\/pages\/206\/revisions\/1246"}],"up":[{"embeddable":true,"href":"https:\/\/atelierjam.be\/index.php?rest_route=\/wp\/v2\/pages\/68"}],"wp:attachment":[{"href":"https:\/\/atelierjam.be\/index.php?rest_route=%2Fwp%2Fv2%2Fmedia&parent=206"}],"curies":[{"name":"wp","href":"https:\/\/api.w.org\/{rel}","templated":true}]}}