{"id":237,"date":"2023-09-12T11:30:50","date_gmt":"2023-09-12T11:30:50","guid":{"rendered":"https:\/\/atelierjam.be\/?page_id=237"},"modified":"2024-11-29T12:51:50","modified_gmt":"2024-11-29T12:51:50","slug":"meuble-adele","status":"publish","type":"page","link":"https:\/\/atelierjam.be\/?page_id=237","title":{"rendered":"Meuble Ad\u00e8le"},"content":{"rendered":"\t\t<div data-elementor-type=\"wp-page\" data-elementor-id=\"237\" class=\"elementor elementor-237\">\n\t\t\t\t\t\t<section class=\"elementor-section elementor-top-section elementor-element elementor-element-f662788 elementor-section-boxed elementor-section-height-default elementor-section-height-default\" data-id=\"f662788\" data-element_type=\"section\">\n\t\t\t\t\t\t<div class=\"elementor-container elementor-column-gap-default\">\n\t\t\t\t\t<div class=\"elementor-column elementor-col-33 elementor-top-column elementor-element elementor-element-c28e806\" data-id=\"c28e806\" data-element_type=\"column\">\n\t\t\t<div class=\"elementor-widget-wrap elementor-element-populated\">\n\t\t\t\t\t\t<div class=\"elementor-element elementor-element-116a8bd elementor-widget elementor-widget-heading\" data-id=\"116a8bd\" data-element_type=\"widget\" data-widget_type=\"heading.default\">\n\t\t\t\t<div class=\"elementor-widget-container\">\n\t\t\t\t\t<h2 class=\"elementor-heading-title elementor-size-default\"><\/h2>\t\t\t\t<\/div>\n\t\t\t\t<\/div>\n\t\t\t\t\t<\/div>\n\t\t<\/div>\n\t\t\t\t<div class=\"elementor-column elementor-col-33 elementor-top-column elementor-element elementor-element-f9f2603\" data-id=\"f9f2603\" data-element_type=\"column\">\n\t\t\t<div class=\"elementor-widget-wrap elementor-element-populated\">\n\t\t\t\t\t\t<div class=\"elementor-element elementor-element-0c3df0a elementor-widget elementor-widget-heading\" data-id=\"0c3df0a\" data-element_type=\"widget\" data-widget_type=\"heading.default\">\n\t\t\t\t<div class=\"elementor-widget-container\">\n\t\t\t\t\t<h2 class=\"elementor-heading-title elementor-size-default\">Meuble Ad\u00e8le<\/h2>\t\t\t\t<\/div>\n\t\t\t\t<\/div>\n\t\t\t\t<div class=\"elementor-element elementor-element-1a0bc86 elementor-arrows-position-outside elementor-pagination-position-outside elementor-widget elementor-widget-image-carousel\" data-id=\"1a0bc86\" data-element_type=\"widget\" data-settings=\"{&quot;slides_to_show&quot;:&quot;1&quot;,&quot;autoplay&quot;:&quot;no&quot;,&quot;navigation&quot;:&quot;both&quot;,&quot;infinite&quot;:&quot;yes&quot;,&quot;effect&quot;:&quot;slide&quot;,&quot;speed&quot;:500}\" data-widget_type=\"image-carousel.default\">\n\t\t\t\t<div class=\"elementor-widget-container\">\n\t\t\t\t\t\t\t<div class=\"elementor-image-carousel-wrapper swiper\" role=\"region\" aria-roledescription=\"carousel\" aria-label=\"Carrousel d\u2019images\" dir=\"ltr\">\n\t\t\t<div class=\"elementor-image-carousel swiper-wrapper\" aria-live=\"polite\">\n\t\t\t\t\t\t\t\t<div class=\"swiper-slide\" role=\"group\" aria-roledescription=\"slide\" aria-label=\"1 of 5\"><figure class=\"swiper-slide-inner\"><img decoding=\"async\" class=\"swiper-slide-image\" src=\"https:\/\/i0.wp.com\/atelierjam.be\/wp-content\/uploads\/2023\/09\/MeubleAdele_main-1.jpg?fit=699%2C985&amp;ssl=1\" alt=\"Meuble Ad\u00e8le 1\" \/><\/figure><\/div><div class=\"swiper-slide\" role=\"group\" aria-roledescription=\"slide\" aria-label=\"2 of 5\"><figure class=\"swiper-slide-inner\"><img decoding=\"async\" class=\"swiper-slide-image\" src=\"https:\/\/i0.wp.com\/atelierjam.be\/wp-content\/uploads\/2023\/09\/MeubleAdele_diapo_1-1.jpg?fit=600%2C800&amp;ssl=1\" alt=\"Meuble Ad\u00e8le 2\" \/><\/figure><\/div><div class=\"swiper-slide\" role=\"group\" aria-roledescription=\"slide\" aria-label=\"3 of 5\"><figure class=\"swiper-slide-inner\"><img decoding=\"async\" class=\"swiper-slide-image\" src=\"https:\/\/i0.wp.com\/atelierjam.be\/wp-content\/uploads\/2023\/09\/MeubleAdele_diapo_2-1.jpg?fit=600%2C800&amp;ssl=1\" alt=\"Meuble Ad\u00e8le 3\" \/><\/figure><\/div><div class=\"swiper-slide\" role=\"group\" aria-roledescription=\"slide\" aria-label=\"4 of 5\"><figure class=\"swiper-slide-inner\"><img decoding=\"async\" class=\"swiper-slide-image\" src=\"https:\/\/i0.wp.com\/atelierjam.be\/wp-content\/uploads\/2023\/09\/MeubleAdele_diapo_3-1.jpg?fit=600%2C770&amp;ssl=1\" alt=\"Meuble Ad\u00e8le 4\" \/><\/figure><\/div><div class=\"swiper-slide\" role=\"group\" aria-roledescription=\"slide\" aria-label=\"5 of 5\"><figure class=\"swiper-slide-inner\"><img decoding=\"async\" class=\"swiper-slide-image\" src=\"https:\/\/i0.wp.com\/atelierjam.be\/wp-content\/uploads\/2023\/09\/MeubleAdele_diapo_4-1.jpg?fit=600%2C800&amp;ssl=1\" alt=\"Meuble Ad\u00e8le 5\" \/><\/figure><\/div>\t\t\t<\/div>\n\t\t\t\t\t\t\t\t\t\t\t\t<div class=\"elementor-swiper-button elementor-swiper-button-prev\" role=\"button\" tabindex=\"0\">\n\t\t\t\t\t\t<i aria-hidden=\"true\" class=\"eicon-chevron-left\"><\/i>\t\t\t\t\t<\/div>\n\t\t\t\t\t<div class=\"elementor-swiper-button elementor-swiper-button-next\" role=\"button\" tabindex=\"0\">\n\t\t\t\t\t\t<i aria-hidden=\"true\" class=\"eicon-chevron-right\"><\/i>\t\t\t\t\t<\/div>\n\t\t\t\t\n\t\t\t\t\t\t\t\t\t<div class=\"swiper-pagination\"><\/div>\n\t\t\t\t\t\t\t\t\t<\/div>\n\t\t\t\t\t\t<\/div>\n\t\t\t\t<\/div>\n\t\t\t\t\t<\/div>\n\t\t<\/div>\n\t\t\t\t<div class=\"elementor-column elementor-col-33 elementor-top-column elementor-element elementor-element-bdf8da4\" data-id=\"bdf8da4\" data-element_type=\"column\">\n\t\t\t<div class=\"elementor-widget-wrap elementor-element-populated\">\n\t\t\t\t\t\t<div class=\"elementor-element elementor-element-ecce8cc elementor-widget elementor-widget-heading\" data-id=\"ecce8cc\" data-element_type=\"widget\" data-widget_type=\"heading.default\">\n\t\t\t\t<div class=\"elementor-widget-container\">\n\t\t\t\t\t<h2 class=\"elementor-heading-title elementor-size-default\">---<\/h2>\t\t\t\t<\/div>\n\t\t\t\t<\/div>\n\t\t\t\t<div class=\"elementor-element elementor-element-f15aae2 elementor-widget elementor-widget-text-editor\" data-id=\"f15aae2\" data-element_type=\"widget\" data-widget_type=\"text-editor.default\">\n\t\t\t\t<div class=\"elementor-widget-container\">\n\t\t\t\t\t\t\t\t\t<p>Magnifique petite armoire de poup\u00e9e enti\u00e8rement d\u00e9cap\u00e9e et restaur\u00e9e.<\/p><p>Couleur Peintagone Swim Blue.<\/p><p>Serrure fonctionnelle.<\/p><p>Miroir et cintres d&rsquo;origine.<\/p>\t\t\t\t\t\t\t\t<\/div>\n\t\t\t\t<\/div>\n\t\t\t\t<div class=\"elementor-element elementor-element-80b87a7 elementor-align-center elementor-widget elementor-widget-button\" data-id=\"80b87a7\" data-element_type=\"widget\" data-widget_type=\"button.default\">\n\t\t\t\t<div class=\"elementor-widget-container\">\n\t\t\t\t\t\t\t\t\t<div class=\"elementor-button-wrapper\">\n\t\t\t\t\t<a class=\"elementor-button elementor-button-link elementor-size-sm\" href=\"https:\/\/atelierjam.be\/?page_id=71\">\n\t\t\t\t\t\t<span class=\"elementor-button-content-wrapper\">\n\t\t\t\t\t\t\t\t\t<span class=\"elementor-button-text\">indisponible<\/span>\n\t\t\t\t\t<\/span>\n\t\t\t\t\t<\/a>\n\t\t\t\t<\/div>\n\t\t\t\t\t\t\t\t<\/div>\n\t\t\t\t<\/div>\n\t\t\t\t<div class=\"elementor-element elementor-element-d305a58 elementor-hidden-tablet elementor-hidden-mobile elementor-widget elementor-widget-spacer\" data-id=\"d305a58\" data-element_type=\"widget\" data-widget_type=\"spacer.default\">\n\t\t\t\t<div class=\"elementor-widget-container\">\n\t\t\t\t\t\t\t<div class=\"elementor-spacer\">\n\t\t\t<div class=\"elementor-spacer-inner\"><\/div>\n\t\t<\/div>\n\t\t\t\t\t\t<\/div>\n\t\t\t\t<\/div>\n\t\t\t\t<div class=\"elementor-element elementor-element-063d664 elementor-icon-list--layout-traditional elementor-list-item-link-full_width elementor-widget elementor-widget-icon-list\" data-id=\"063d664\" data-element_type=\"widget\" data-widget_type=\"icon-list.default\">\n\t\t\t\t<div class=\"elementor-widget-container\">\n\t\t\t\t\t\t\t<ul class=\"elementor-icon-list-items\">\n\t\t\t\t\t\t\t<li class=\"elementor-icon-list-item\">\n\t\t\t\t\t\t\t\t\t\t\t<span class=\"elementor-icon-list-icon\">\n\t\t\t\t\t\t\t<i aria-hidden=\"true\" class=\"fas fa-ruler-vertical\"><\/i>\t\t\t\t\t\t<\/span>\n\t\t\t\t\t\t\t\t\t\t<span class=\"elementor-icon-list-text\">H : 59 cm<\/span>\n\t\t\t\t\t\t\t\t\t<\/li>\n\t\t\t\t\t\t\t\t<li class=\"elementor-icon-list-item\">\n\t\t\t\t\t\t\t\t\t\t\t<span class=\"elementor-icon-list-icon\">\n\t\t\t\t\t\t\t<i aria-hidden=\"true\" class=\"fas fa-ruler-horizontal\"><\/i>\t\t\t\t\t\t<\/span>\n\t\t\t\t\t\t\t\t\t\t<span class=\"elementor-icon-list-text\">L : 50 cm<\/span>\n\t\t\t\t\t\t\t\t\t<\/li>\n\t\t\t\t\t\t\t\t<li class=\"elementor-icon-list-item\">\n\t\t\t\t\t\t\t\t\t\t\t<span class=\"elementor-icon-list-icon\">\n\t\t\t\t\t\t\t<i aria-hidden=\"true\" class=\"fas fa-ruler\"><\/i>\t\t\t\t\t\t<\/span>\n\t\t\t\t\t\t\t\t\t\t<span class=\"elementor-icon-list-text\"> P : 24,5 cm<\/span>\n\t\t\t\t\t\t\t\t\t<\/li>\n\t\t\t\t\t\t<\/ul>\n\t\t\t\t\t\t<\/div>\n\t\t\t\t<\/div>\n\t\t\t\t\t<\/div>\n\t\t<\/div>\n\t\t\t\t\t<\/div>\n\t\t<\/section>\n\t\t\t\t<section class=\"elementor-section elementor-top-section elementor-element elementor-element-ab5a10e elementor-section-boxed elementor-section-height-default elementor-section-height-default\" data-id=\"ab5a10e\" data-element_type=\"section\">\n\t\t\t\t\t\t<div class=\"elementor-container elementor-column-gap-default\">\n\t\t\t\t\t<div class=\"elementor-column elementor-col-100 elementor-top-column elementor-element elementor-element-87df2cb\" data-id=\"87df2cb\" data-element_type=\"column\">\n\t\t\t<div class=\"elementor-widget-wrap elementor-element-populated\">\n\t\t\t\t\t\t<div class=\"elementor-element elementor-element-5140367 elementor-widget-divider--view-line elementor-widget elementor-widget-divider\" data-id=\"5140367\" data-element_type=\"widget\" data-widget_type=\"divider.default\">\n\t\t\t\t<div class=\"elementor-widget-container\">\n\t\t\t\t\t\t\t<div class=\"elementor-divider\">\n\t\t\t<span class=\"elementor-divider-separator\">\n\t\t\t\t\t\t<\/span>\n\t\t<\/div>\n\t\t\t\t\t\t<\/div>\n\t\t\t\t<\/div>\n\t\t\t\t\t<\/div>\n\t\t<\/div>\n\t\t\t\t\t<\/div>\n\t\t<\/section>\n\t\t\t\t<section class=\"elementor-section elementor-top-section elementor-element elementor-element-979847a elementor-section-boxed elementor-section-height-default elementor-section-height-default\" data-id=\"979847a\" data-element_type=\"section\">\n\t\t\t\t\t\t<div class=\"elementor-container elementor-column-gap-default\">\n\t\t\t\t\t<div class=\"elementor-column elementor-col-50 elementor-top-column elementor-element elementor-element-e4f4e54\" data-id=\"e4f4e54\" data-element_type=\"column\">\n\t\t\t<div class=\"elementor-widget-wrap elementor-element-populated\">\n\t\t\t\t\t\t<div class=\"elementor-element elementor-element-bbf3f13 elementor-align-center elementor-widget elementor-widget-button\" data-id=\"bbf3f13\" data-element_type=\"widget\" data-widget_type=\"button.default\">\n\t\t\t\t<div class=\"elementor-widget-container\">\n\t\t\t\t\t\t\t\t\t<div class=\"elementor-button-wrapper\">\n\t\t\t\t\t<a class=\"elementor-button elementor-button-link elementor-size-sm\" href=\"https:\/\/atelierjam.be\/?page_id=235\">\n\t\t\t\t\t\t<span class=\"elementor-button-content-wrapper\">\n\t\t\t\t\t\t\t\t\t<span class=\"elementor-button-text\">Pr\u00e9c\u00e9dent<\/span>\n\t\t\t\t\t<\/span>\n\t\t\t\t\t<\/a>\n\t\t\t\t<\/div>\n\t\t\t\t\t\t\t\t<\/div>\n\t\t\t\t<\/div>\n\t\t\t\t\t<\/div>\n\t\t<\/div>\n\t\t\t\t<div class=\"elementor-column elementor-col-50 elementor-top-column elementor-element elementor-element-3de34f4\" data-id=\"3de34f4\" data-element_type=\"column\">\n\t\t\t<div class=\"elementor-widget-wrap elementor-element-populated\">\n\t\t\t\t\t\t<div class=\"elementor-element elementor-element-e541b19 elementor-align-center elementor-widget elementor-widget-button\" data-id=\"e541b19\" data-element_type=\"widget\" data-widget_type=\"button.default\">\n\t\t\t\t<div class=\"elementor-widget-container\">\n\t\t\t\t\t\t\t\t\t<div class=\"elementor-button-wrapper\">\n\t\t\t\t\t<a class=\"elementor-button elementor-button-link elementor-size-sm\" href=\"https:\/\/atelierjam.be\/?page_id=239\">\n\t\t\t\t\t\t<span class=\"elementor-button-content-wrapper\">\n\t\t\t\t\t\t\t\t\t<span class=\"elementor-button-text\">Suivant   <\/span>\n\t\t\t\t\t<\/span>\n\t\t\t\t\t<\/a>\n\t\t\t\t<\/div>\n\t\t\t\t\t\t\t\t<\/div>\n\t\t\t\t<\/div>\n\t\t\t\t\t<\/div>\n\t\t<\/div>\n\t\t\t\t\t<\/div>\n\t\t<\/section>\n\t\t\t\t<\/div>\n\t\t","protected":false},"excerpt":{"rendered":"<p>Meuble Ad\u00e8le &#8212; Magnifique petite armoire de poup\u00e9e enti\u00e8rement d\u00e9cap\u00e9e et restaur\u00e9e. Couleur Peintagone Swim Blue. Serrure fonctionnelle. Miroir et cintres d&rsquo;origine. indisponible H : 59 cm L : 50 cm P : 24,5 cm Pr\u00e9c\u00e9dent Suivant<\/p>\n","protected":false},"author":1,"featured_media":0,"parent":68,"menu_order":0,"comment_status":"closed","ping_status":"closed","template":"","meta":{"jetpack_post_was_ever_published":false,"footnotes":""},"class_list":["post-237","page","type-page","status-publish","hentry"],"yoast_head":"<!-- This site is optimized with the Yoast SEO plugin v25.0 - https:\/\/yoast.com\/wordpress\/plugins\/seo\/ -->\n<title>Meuble Ad\u00e8le - JAM Atelier Vintage<\/title>\n<meta name=\"robots\" content=\"index, follow, max-snippet:-1, max-image-preview:large, max-video-preview:-1\" \/>\n<link rel=\"canonical\" href=\"https:\/\/atelierjam.be\/?page_id=237\" \/>\n<meta property=\"og:locale\" content=\"fr_FR\" \/>\n<meta property=\"og:type\" content=\"article\" \/>\n<meta property=\"og:title\" content=\"Meuble Ad\u00e8le - JAM Atelier Vintage\" \/>\n<meta property=\"og:description\" content=\"Meuble Ad\u00e8le &#8212; Magnifique petite armoire de poup\u00e9e enti\u00e8rement d\u00e9cap\u00e9e et restaur\u00e9e. Couleur Peintagone Swim Blue. Serrure fonctionnelle. Miroir et cintres d&rsquo;origine. indisponible H : 59 cm L : 50 cm P : 24,5 cm Pr\u00e9c\u00e9dent Suivant\" \/>\n<meta property=\"og:url\" content=\"https:\/\/atelierjam.be\/?page_id=237\" \/>\n<meta property=\"og:site_name\" content=\"JAM Atelier Vintage\" \/>\n<meta property=\"article:publisher\" content=\"https:\/\/www.facebook.com\/people\/Latelier-Jam\/100094490956341\/\" \/>\n<meta property=\"article:modified_time\" content=\"2024-11-29T12:51:50+00:00\" \/>\n<meta property=\"og:image\" content=\"https:\/\/atelierjam.be\/wp-content\/uploads\/2023\/09\/MeubleAdele_main-1.jpg\" \/>\n<meta name=\"twitter:card\" content=\"summary_large_image\" \/>\n<meta name=\"twitter:label1\" content=\"Dur\u00e9e de lecture est.\" \/>\n\t<meta name=\"twitter:data1\" content=\"2 minutes\" \/>\n<script type=\"application\/ld+json\" class=\"yoast-schema-graph\">{\"@context\":\"https:\/\/schema.org\",\"@graph\":[{\"@type\":\"WebPage\",\"@id\":\"https:\/\/atelierjam.be\/?page_id=237\",\"url\":\"https:\/\/atelierjam.be\/?page_id=237\",\"name\":\"Meuble Ad\u00e8le - JAM Atelier Vintage\",\"isPartOf\":{\"@id\":\"https:\/\/atelierjam.be\/#website\"},\"primaryImageOfPage\":{\"@id\":\"https:\/\/atelierjam.be\/?page_id=237#primaryimage\"},\"image\":{\"@id\":\"https:\/\/atelierjam.be\/?page_id=237#primaryimage\"},\"thumbnailUrl\":\"https:\/\/atelierjam.be\/wp-content\/uploads\/2023\/09\/MeubleAdele_main-1.jpg\",\"datePublished\":\"2023-09-12T11:30:50+00:00\",\"dateModified\":\"2024-11-29T12:51:50+00:00\",\"breadcrumb\":{\"@id\":\"https:\/\/atelierjam.be\/?page_id=237#breadcrumb\"},\"inLanguage\":\"fr-BE\",\"potentialAction\":[{\"@type\":\"ReadAction\",\"target\":[\"https:\/\/atelierjam.be\/?page_id=237\"]}]},{\"@type\":\"ImageObject\",\"inLanguage\":\"fr-BE\",\"@id\":\"https:\/\/atelierjam.be\/?page_id=237#primaryimage\",\"url\":\"https:\/\/i0.wp.com\/atelierjam.be\/wp-content\/uploads\/2023\/09\/MeubleAdele_main-1.jpg?fit=699%2C985&ssl=1\",\"contentUrl\":\"https:\/\/i0.wp.com\/atelierjam.be\/wp-content\/uploads\/2023\/09\/MeubleAdele_main-1.jpg?fit=699%2C985&ssl=1\",\"width\":699,\"height\":985,\"caption\":\"Meuble Ad\u00e8le 1\"},{\"@type\":\"BreadcrumbList\",\"@id\":\"https:\/\/atelierjam.be\/?page_id=237#breadcrumb\",\"itemListElement\":[{\"@type\":\"ListItem\",\"position\":1,\"name\":\"Accueil\",\"item\":\"https:\/\/atelierjam.be\/\"},{\"@type\":\"ListItem\",\"position\":2,\"name\":\"Shop\",\"item\":\"https:\/\/atelierjam.be\/?page_id=68\"},{\"@type\":\"ListItem\",\"position\":3,\"name\":\"Meuble Ad\u00e8le\"}]},{\"@type\":\"WebSite\",\"@id\":\"https:\/\/atelierjam.be\/#website\",\"url\":\"https:\/\/atelierjam.be\/\",\"name\":\"JAM Atelier Vintage\",\"description\":\"Restauration Vintage Meubles\",\"potentialAction\":[{\"@type\":\"SearchAction\",\"target\":{\"@type\":\"EntryPoint\",\"urlTemplate\":\"https:\/\/atelierjam.be\/?s={search_term_string}\"},\"query-input\":{\"@type\":\"PropertyValueSpecification\",\"valueRequired\":true,\"valueName\":\"search_term_string\"}}],\"inLanguage\":\"fr-BE\"}]}<\/script>\n<!-- \/ Yoast SEO plugin. -->","yoast_head_json":{"title":"Meuble Ad\u00e8le - JAM Atelier Vintage","robots":{"index":"index","follow":"follow","max-snippet":"max-snippet:-1","max-image-preview":"max-image-preview:large","max-video-preview":"max-video-preview:-1"},"canonical":"https:\/\/atelierjam.be\/?page_id=237","og_locale":"fr_FR","og_type":"article","og_title":"Meuble Ad\u00e8le - JAM Atelier Vintage","og_description":"Meuble Ad\u00e8le &#8212; Magnifique petite armoire de poup\u00e9e enti\u00e8rement d\u00e9cap\u00e9e et restaur\u00e9e. Couleur Peintagone Swim Blue. Serrure fonctionnelle. Miroir et cintres d&rsquo;origine. indisponible H : 59 cm L : 50 cm P : 24,5 cm Pr\u00e9c\u00e9dent Suivant","og_url":"https:\/\/atelierjam.be\/?page_id=237","og_site_name":"JAM Atelier Vintage","article_publisher":"https:\/\/www.facebook.com\/people\/Latelier-Jam\/100094490956341\/","article_modified_time":"2024-11-29T12:51:50+00:00","og_image":[{"url":"https:\/\/atelierjam.be\/wp-content\/uploads\/2023\/09\/MeubleAdele_main-1.jpg","type":"","width":"","height":""}],"twitter_card":"summary_large_image","twitter_misc":{"Dur\u00e9e de lecture est.":"2 minutes"},"schema":{"@context":"https:\/\/schema.org","@graph":[{"@type":"WebPage","@id":"https:\/\/atelierjam.be\/?page_id=237","url":"https:\/\/atelierjam.be\/?page_id=237","name":"Meuble Ad\u00e8le - JAM Atelier Vintage","isPartOf":{"@id":"https:\/\/atelierjam.be\/#website"},"primaryImageOfPage":{"@id":"https:\/\/atelierjam.be\/?page_id=237#primaryimage"},"image":{"@id":"https:\/\/atelierjam.be\/?page_id=237#primaryimage"},"thumbnailUrl":"https:\/\/atelierjam.be\/wp-content\/uploads\/2023\/09\/MeubleAdele_main-1.jpg","datePublished":"2023-09-12T11:30:50+00:00","dateModified":"2024-11-29T12:51:50+00:00","breadcrumb":{"@id":"https:\/\/atelierjam.be\/?page_id=237#breadcrumb"},"inLanguage":"fr-BE","potentialAction":[{"@type":"ReadAction","target":["https:\/\/atelierjam.be\/?page_id=237"]}]},{"@type":"ImageObject","inLanguage":"fr-BE","@id":"https:\/\/atelierjam.be\/?page_id=237#primaryimage","url":"https:\/\/i0.wp.com\/atelierjam.be\/wp-content\/uploads\/2023\/09\/MeubleAdele_main-1.jpg?fit=699%2C985&ssl=1","contentUrl":"https:\/\/i0.wp.com\/atelierjam.be\/wp-content\/uploads\/2023\/09\/MeubleAdele_main-1.jpg?fit=699%2C985&ssl=1","width":699,"height":985,"caption":"Meuble Ad\u00e8le 1"},{"@type":"BreadcrumbList","@id":"https:\/\/atelierjam.be\/?page_id=237#breadcrumb","itemListElement":[{"@type":"ListItem","position":1,"name":"Accueil","item":"https:\/\/atelierjam.be\/"},{"@type":"ListItem","position":2,"name":"Shop","item":"https:\/\/atelierjam.be\/?page_id=68"},{"@type":"ListItem","position":3,"name":"Meuble Ad\u00e8le"}]},{"@type":"WebSite","@id":"https:\/\/atelierjam.be\/#website","url":"https:\/\/atelierjam.be\/","name":"JAM Atelier Vintage","description":"Restauration Vintage Meubles","potentialAction":[{"@type":"SearchAction","target":{"@type":"EntryPoint","urlTemplate":"https:\/\/atelierjam.be\/?s={search_term_string}"},"query-input":{"@type":"PropertyValueSpecification","valueRequired":true,"valueName":"search_term_string"}}],"inLanguage":"fr-BE"}]}},"jetpack-related-posts":[],"jetpack_sharing_enabled":true,"_links":{"self":[{"href":"https:\/\/atelierjam.be\/index.php?rest_route=\/wp\/v2\/pages\/237","targetHints":{"allow":["GET"]}}],"collection":[{"href":"https:\/\/atelierjam.be\/index.php?rest_route=\/wp\/v2\/pages"}],"about":[{"href":"https:\/\/atelierjam.be\/index.php?rest_route=\/wp\/v2\/types\/page"}],"author":[{"embeddable":true,"href":"https:\/\/atelierjam.be\/index.php?rest_route=\/wp\/v2\/users\/1"}],"replies":[{"embeddable":true,"href":"https:\/\/atelierjam.be\/index.php?rest_route=%2Fwp%2Fv2%2Fcomments&post=237"}],"version-history":[{"count":37,"href":"https:\/\/atelierjam.be\/index.php?rest_route=\/wp\/v2\/pages\/237\/revisions"}],"predecessor-version":[{"id":1348,"href":"https:\/\/atelierjam.be\/index.php?rest_route=\/wp\/v2\/pages\/237\/revisions\/1348"}],"up":[{"embeddable":true,"href":"https:\/\/atelierjam.be\/index.php?rest_route=\/wp\/v2\/pages\/68"}],"wp:attachment":[{"href":"https:\/\/atelierjam.be\/index.php?rest_route=%2Fwp%2Fv2%2Fmedia&parent=237"}],"curies":[{"name":"wp","href":"https:\/\/api.w.org\/{rel}","templated":true}]}}