{"id":3,"date":"2023-05-20T16:19:54","date_gmt":"2023-05-20T16:19:54","guid":{"rendered":"https:\/\/atelierjam.be\/?page_id=3"},"modified":"2023-09-22T10:22:58","modified_gmt":"2023-09-22T10:22:58","slug":"privacy-policy","status":"publish","type":"page","link":"https:\/\/atelierjam.be\/?page_id=3","title":{"rendered":"Mentions l\u00e9gales"},"content":{"rendered":"\t\t<div data-elementor-type=\"wp-page\" data-elementor-id=\"3\" class=\"elementor elementor-3\">\n\t\t\t\t\t\t<section class=\"elementor-section elementor-top-section elementor-element elementor-element-64b6cecc elementor-section-boxed elementor-section-height-default elementor-section-height-default\" data-id=\"64b6cecc\" data-element_type=\"section\">\n\t\t\t\t\t\t<div class=\"elementor-container elementor-column-gap-default\">\n\t\t\t\t\t<div class=\"elementor-column elementor-col-100 elementor-top-column elementor-element elementor-element-d046136\" data-id=\"d046136\" data-element_type=\"column\">\n\t\t\t<div class=\"elementor-widget-wrap elementor-element-populated\">\n\t\t\t\t\t\t<div class=\"elementor-element elementor-element-32139265 elementor-widget elementor-widget-text-editor\" data-id=\"32139265\" data-element_type=\"widget\" data-widget_type=\"text-editor.default\">\n\t\t\t\t<div class=\"elementor-widget-container\">\n\t\t\t\t\t\t\t\t\t<p><\/p>\n<p><strong>Coordonn\u00e9es g\u00e9n\u00e9rales<\/strong><\/p>\n<p><\/p>\n<p><\/p>\n<p>Nom site internet&nbsp;: www.latelierjambe <\/p>\n<p><\/p>\n<p><\/p>\n<p>Responsable l\u00e9gal&nbsp;: Marie Ferauche <\/p>\n<p><\/p>\n<p><\/p>\n<p>Adresse&nbsp;: Rue Pirot 25 5330 Sart-Bernard<br><\/p>\n<p>N\u00b0 entreprise : BE800 931 572 <\/p>\n<p><\/p>\n<p><\/p>\n<p>TVA (R\u00e9gime franchise TVA) :<br><\/p>\n<p><\/p>\n<p><\/p>\n<p>Compte bancaire BIC IBAN: BE19 3632 3158 4712<br><\/p>\n<p><\/p>\n<p><\/p>\n<p>Email :latelierjam@gmail.com<\/p>\n<p><\/p>\n<p><\/p>\n<p>T\u00e9l\u00e9phone :0497\/577 908<\/p>\n<p><\/p>\n<p><\/p>\n<p>Coordonn\u00e9es de l\u2019h\u00e9bergeur : Pulsheberg<\/p>\n<p><\/p>\n<p><\/p>\n<p><strong>Secteur d\u2019activit\u00e9 : <\/strong>Restauration de meubles\/ vente de meubles restaur\u00e9s<\/p>\n<p><\/p>\n<p><\/p>\n<p><strong>Politique de confidentialit\u00e9<\/strong><\/p>\n<p><\/p>\n<p><\/p>\n<p>atelierjam.be respecte la Loi Europ\u00e9enne \u00ab&nbsp;RGPD&nbsp;\u00bb entr\u00e9e en application le 25 mai 2018 sur le traitement des donn\u00e9es \u00e0 caract\u00e8re personnel.<\/p>\n<p><\/p>\n<p><\/p>\n<p>Quels sont vos droits en mati\u00e8re de vie priv\u00e9e&nbsp;? <\/p>\n<p><\/p>\n<p><\/p>\n<p>Les donn\u00e9es personnelles sont toutes les informations concernant une personne identifi\u00e9e ou identifiable. D\u00e8s communication de ces donn\u00e9es, JAM a l\u2019obligation de traiter celle-ci aux fins pour lesquelles elles ont transmises et s\u2019engage \u00e0 respecter les droits d\u2019acc\u00e8s, de rectification, d\u2019effacement, de limitation et de portabilit\u00e9 de celles-ci.<\/p>\n<p><\/p>\n<p><\/p>\n<p>Vous pouvez donc \u00e0 tout moment consulter, modifier, limiter ou supprimer vos donn\u00e9es personnelles transmises via le formulaire de contact ou les \u00e9changes t\u00e9l\u00e9phoniques\/ e-mails avec atelierjam.be.<\/p>\n<p><\/p>\n<p><\/p>\n<p>Vos donn\u00e9es personnelles ne sont utilis\u00e9es que dans le cadre du contact\/vente\/service apr\u00e8s-vente entre atelierjam.be et le client qui fait appel \u00e0 ses services ou ach\u00e8te ses produits.<\/p>\n<p><\/p>\n<p><\/p>\n<p><strong>Utilisation de cookies<\/strong><\/p>\n<p><\/p>\n<p><\/p>\n<p>atelierjam.be utilise des cookies \u00e0 des fins de statistiques sur l\u2019utilisation de son site afin de l\u2019am\u00e9liorer.<\/p>\n<p><\/p>\n<p><\/p>\n<p><strong>Propri\u00e9t\u00e9 intellectuelle<\/strong><\/p>\n<p><\/p>\n<p><\/p>\n<p>Latelierjam.be est une appellation et une cr\u00e9ation prot\u00e9g\u00e9e par les droits d\u2019auteur. Tous les \u00e9l\u00e9ments contenus dans atelierjam.be (les informations, les textes, les photos) sont prot\u00e9g\u00e9s par le droit de propri\u00e9t\u00e9 intellectuelle. Toute copie ou exploitation de ces \u00e9l\u00e9ments est donc interdit sauf accord pr\u00e9alable \u00e9crit de atelierjam.be<\/p>\n<p><\/p>\n<p><\/p>\n<p><strong>Responsabilit\u00e9 quant aux sites et informations<\/strong><\/p>\n<p><\/p>\n<p><\/p>\n<p>Latelierjam.be met \u00e0 votre disposition \u00e0 titre indicatif mais de mani\u00e8re cibl\u00e9e des miens vers des personnes\/sites\/services qui ne sont pas exploit\u00e9s par atelierjam.be. Aucune responsabilit\u00e9 ne sera retenue au sujet de la politique ou pratique de ces personnes\/sites\/services. Latelierjam.be peut \u00e0 tout moment, s\u2019il le juge n\u00e9cessaire ou inappropri\u00e9 ajouter, supprimer ou modifier les informations quant aux personnes\/ sites\/services renseign\u00e9s sur son site ou les r\u00e9seaux sociaux utilis\u00e9s sans engager sa responsabilit\u00e9.<\/p>\n<p><\/p>\n<p><\/p>\n<p>Les r\u00e9seaux sociaux utilis\u00e9s par atelierjam.be sont Facebook et Instagram. Latelierjam.be se r\u00e9serve le droit, sans engager sa responsabilit\u00e9, de supprimer les commentaires inappropri\u00e9s ou de bloquer l\u2019acc\u00e8s \u00e0 des personnes dont les propose ne respectent pas les valeurs v\u00e9hicul\u00e9es \u00e0 travers la marque.<\/p>\n<p><\/p>\n<p><\/p>\n<p><strong>Tribunal comp\u00e9tent&nbsp;<\/strong><\/p>\n<p><\/p>\n<p><\/p>\n<p>En cas de litige, le Tribunal comp\u00e9tent est le Tribunal de commerce de Namur.<\/p>\n<p><\/p>\n<p><\/p>\n<p><strong>CONDITIONS GENERALES DE VENTE\/ JAM<\/strong><\/p>\n<p><\/p>\n<p><\/p>\n<p><span style=\"text-decoration: underline;\">Pr\u00e9ambule&nbsp;<\/span>:<\/p>\n<p><\/p>\n<p><\/p>\n<p>Les pr\u00e9sentes conditions g\u00e9n\u00e9rales de vente sont conclues entre \u00ab&nbsp;le vendeur&nbsp;\u00bb, atelierjam.be repr\u00e9sent\u00e9 par Marie Ferauche dont le si\u00e8ge social se situe \u00e0 Sart-Bernard et \u00ab&nbsp;l\u2019acheteur&nbsp;\u00bb ou \u00ab&nbsp;consommateur&nbsp;\u00bb qui proc\u00e8de \u00e0 un achat en ligne ou \u00e0 l\u2019atelier.<\/p>\n<p><\/p>\n<p><\/p>\n<p><span style=\"text-decoration: underline;\">Produits et services \u00e0 la vente&nbsp;:<\/span><\/p>\n<p><\/p>\n<p><\/p>\n<p>Latelierjam.be restaure des meubles qu\u2019il chine ou ach\u00e8te ou des meubles apport\u00e9s par l\u2019acheteur.<\/p>\n<p><\/p>\n<p><\/p>\n<p>Latelierjam.be vend donc des meubles restaur\u00e9s via son site internet et les r\u00e9seaux sociaux Facebook et Instagram ou propose des r\u00e9parations de meubles priv\u00e9s.<\/p>\n<p><\/p>\n<p><\/p>\n<p>Latelierjam.be r\u00e9alise des r\u00e9parations telles que peinture, r\u00e9paration du bois et de la quincaillerie\/ accessoire.<\/p>\n<p><\/p>\n<p><\/p>\n<p>En cas de demande de l\u2019acheteur de r\u00e9paration sur un meuble personnel, une estimation sera transmise par \u00e9crit et un accord \u00e9crit sera demand\u00e9 avant la r\u00e9alisation sur le dit meuble.<\/p>\n<p><\/p>\n<p><\/p>\n<p><span style=\"text-decoration: underline;\">Prix de vente&nbsp;:<\/span><\/p>\n<p><\/p>\n<p><\/p>\n<p>Le prix de chaque meuble ou de la r\u00e9paration est indiqu\u00e9 \u00e0 l\u2019acheteur ou consommateur du service, en euros. Le prix est indiqu\u00e9 sous le r\u00e9gime de la franchise TVA. A tout moment, Latelierjam.be se r\u00e9serve le droit de sortir de ce r\u00e9gime de franchise et d\u2019appliquer le taux de TVA en vigueur soit 21%.<\/p>\n<p><\/p>\n<p><\/p>\n<p><span style=\"text-decoration: underline;\">Commande\/ R\u00e9servation&nbsp;:<\/span><\/p>\n<p><\/p>\n<p><\/p>\n<p>Un meuble peut \u00eatre r\u00e9serv\u00e9 en ligne via le site internet atelierjam.be ou par contact e-mail \/t\u00e9l\u00e9phonique.<\/p>\n<p><\/p>\n<p><\/p>\n<p>Il est possible de faire une commande personnalis\u00e9e d\u2019un meuble via une demande \u00e9crite de l\u2019acheteur. Un devis sera alors \u00e9tabli par atelierjam.be et propos\u00e9 \u00e0 l\u2019acheteur.<\/p>\n<p><\/p>\n<p><\/p>\n<p>La r\u00e9servation d\u2019un meuble est effective pendant 5 jours ouvrables. Au-del\u00e0, le meuble sera remis \u00e0 la vente. Un acompte de 40% est demand\u00e9 pour tout prix de vente sup\u00e9rieur \u00e0 400 \u20ac<\/p>\n<p><\/p>\n<p><\/p>\n<p><span style=\"text-decoration: underline;\">Retrait&nbsp;:<\/span><\/p>\n<p><\/p>\n<p><\/p>\n<p>Le retrait de la marchandise se fait \u00e0 l\u2019atelier selon la prise de rendez-vous pr\u00e9alable avec le vendeur. L\u2019atelier est inaccessible le dimanche et les jours f\u00e9ri\u00e9s.<\/p>\n<p><\/p>\n<p><\/p>\n<p><span style=\"text-decoration: underline;\">Livraison&nbsp;:<\/span><\/p>\n<p><\/p>\n<p><\/p>\n<p>Le vendeur privil\u00e9gie le mode de retrait \u00e0 l\u2019atelier par l\u2019acheteur mais il est possible, selon accord pr\u00e9alable avec le vendeur, d\u2019organiser la livraison \u00e0 l\u2019adresse indiqu\u00e9e par l\u2019acheteur.<\/p>\n<p><\/p>\n<p><\/p>\n<p>Une proposition de modalit\u00e9s\/prix de livraison sera alors transmise \u00e0 l\u2019acheteur par le vendeur et selon l\u2019accord \u00e9crit de l\u2019acheteur et le paiement d\u2019un acompte.<br><\/p>\n<p><\/p>\n<p><\/p>\n<p>Pour les achats \u00e0 l\u2019\u00e9tranger, les frais de douanes ou de relais transports \u00e0 l\u2019\u00e9tranger sont pris en charge par l\u2019acheteur.<\/p>\n<p><\/p>\n<p><\/p>\n<p><span style=\"text-decoration: underline;\">Droit de renonciation&nbsp;:<\/span><\/p>\n<p><\/p>\n<p><\/p>\n<p>Conform\u00e9ment \u00e0 la loi, le consommateur \u00e0 le droit de transmettre au vendeur qu\u2019il renonce \u00e0 son achat sans p\u00e9nalit\u00e9s dans les 14 jours \u00e0 partir du lendemain de sa commande. Celui-ci doit \u00eatre retourn\u00e9 avec son emballage d\u2019origine et en parfait \u00e9tat.<\/p>\n<p><\/p>\n<p><\/p>\n<p><span style=\"text-decoration: underline;\">Mode de paiement\/modalit\u00e9s&nbsp;:<\/span><\/p>\n<p><\/p>\n<p><\/p>\n<p>Le paiement s\u2019effectue selon le choix de l\u2019acheteur en esp\u00e8ces, via application bancaire ou virement. Les ch\u00e8ques ne sont pas accept\u00e9s. La monnaie utilis\u00e9e est l\u2019euro. En cas de vente \u00e0 l\u2019\u00e9tranger , l\u2019acheteur prendra en charge la diff\u00e9rence de la conversion en euros par rapport \u00e0 sa monnaie d\u2019origine.<\/p>\n<p><\/p>\n<p><\/p>\n<p><span style=\"text-decoration: underline;\">Garantie\/responsabilit\u00e9&nbsp;:<\/span><\/p>\n<p><\/p>\n<p><\/p>\n<p>Le vendeur certifie avoir effectu\u00e9 les r\u00e9parations \/ la restauration du produit avec les techniques professionnelles ad\u00e9quates garantissant la tenue des dites r\u00e9parations\/ restauration. Le vendeur n\u2019est pas responsable en cas de vice cach\u00e9 ou de mauvaise manipulation\/ entretien du produit par l\u2019acheteur.<\/p>\n<p><\/p>\t\t\t\t\t\t\t\t<\/div>\n\t\t\t\t<\/div>\n\t\t\t\t\t<\/div>\n\t\t<\/div>\n\t\t\t\t\t<\/div>\n\t\t<\/section>\n\t\t\t\t<section class=\"elementor-section elementor-top-section elementor-element elementor-element-fb5628e elementor-section-boxed elementor-section-height-default elementor-section-height-default\" data-id=\"fb5628e\" data-element_type=\"section\">\n\t\t\t\t\t\t<div class=\"elementor-container elementor-column-gap-default\">\n\t\t\t\t\t<div class=\"elementor-column elementor-col-100 elementor-top-column elementor-element elementor-element-539f226\" data-id=\"539f226\" data-element_type=\"column\">\n\t\t\t<div class=\"elementor-widget-wrap elementor-element-populated\">\n\t\t\t\t\t\t<div class=\"elementor-element elementor-element-d604845 elementor-widget elementor-widget-spacer\" data-id=\"d604845\" data-element_type=\"widget\" data-widget_type=\"spacer.default\">\n\t\t\t\t<div class=\"elementor-widget-container\">\n\t\t\t\t\t\t\t<div class=\"elementor-spacer\">\n\t\t\t<div class=\"elementor-spacer-inner\"><\/div>\n\t\t<\/div>\n\t\t\t\t\t\t<\/div>\n\t\t\t\t<\/div>\n\t\t\t\t\t<\/div>\n\t\t<\/div>\n\t\t\t\t\t<\/div>\n\t\t<\/section>\n\t\t\t\t<section class=\"elementor-section elementor-top-section elementor-element elementor-element-fe11abf elementor-section-height-min-height elementor-section-content-middle elementor-section-full_width elementor-section-height-default elementor-section-items-middle\" data-id=\"fe11abf\" data-element_type=\"section\" data-settings=\"{&quot;background_background&quot;:&quot;classic&quot;}\">\n\t\t\t\t\t\t<div class=\"elementor-container elementor-column-gap-no\">\n\t\t\t\t\t<div class=\"elementor-column elementor-col-100 elementor-top-column elementor-element elementor-element-7cd56a8\" data-id=\"7cd56a8\" data-element_type=\"column\">\n\t\t\t<div class=\"elementor-widget-wrap elementor-element-populated\">\n\t\t\t\t\t\t<div class=\"elementor-element elementor-element-7e5a15a elementor-widget elementor-widget-heading\" data-id=\"7e5a15a\" data-element_type=\"widget\" data-widget_type=\"heading.default\">\n\t\t\t\t<div class=\"elementor-widget-container\">\n\t\t\t\t\t<p class=\"elementor-heading-title elementor-size-default\">\u00a9 2023 Tous droits r\u00e9serv\u00e9s. Cr\u00e9dit photos : Dominique Pire - Caroline Cong\u00e9<\/p>\t\t\t\t<\/div>\n\t\t\t\t<\/div>\n\t\t\t\t\t<\/div>\n\t\t<\/div>\n\t\t\t\t\t<\/div>\n\t\t<\/section>\n\t\t\t\t<\/div>\n\t\t","protected":false},"excerpt":{"rendered":"<p>Coordonn\u00e9es g\u00e9n\u00e9rales Nom site internet&nbsp;: www.latelierjambe Responsable l\u00e9gal&nbsp;: Marie Ferauche Adresse&nbsp;: Rue Pirot 25 5330 Sart-Bernard N\u00b0 entreprise : BE800 931 572 TVA (R\u00e9gime franchise TVA) : Compte bancaire BIC IBAN: BE19 3632 3158 4712 Email :latelierjam@gmail.com T\u00e9l\u00e9phone :0497\/577 908<\/p>\n","protected":false},"author":1,"featured_media":0,"parent":0,"menu_order":0,"comment_status":"closed","ping_status":"open","template":"","meta":{"jetpack_post_was_ever_published":false,"footnotes":""},"class_list":["post-3","page","type-page","status-publish","hentry"],"yoast_head":"<!-- This site is optimized with the Yoast SEO plugin v25.0 - https:\/\/yoast.com\/wordpress\/plugins\/seo\/ -->\n<title>Mentions l\u00e9gales - JAM Atelier Vintage<\/title>\n<meta name=\"robots\" content=\"index, follow, max-snippet:-1, max-image-preview:large, max-video-preview:-1\" \/>\n<link rel=\"canonical\" href=\"https:\/\/atelierjam.be\/?page_id=3\" \/>\n<meta property=\"og:locale\" content=\"fr_FR\" \/>\n<meta property=\"og:type\" content=\"article\" \/>\n<meta property=\"og:title\" content=\"Mentions l\u00e9gales - JAM Atelier Vintage\" \/>\n<meta property=\"og:description\" content=\"Coordonn\u00e9es g\u00e9n\u00e9rales Nom site internet&nbsp;: www.latelierjambe Responsable l\u00e9gal&nbsp;: Marie Ferauche Adresse&nbsp;: Rue Pirot 25 5330 Sart-Bernard N\u00b0 entreprise : BE800 931 572 TVA (R\u00e9gime franchise TVA) : Compte bancaire BIC IBAN: BE19 3632 3158 4712 Email :latelierjam@gmail.com T\u00e9l\u00e9phone :0497\/577 908\" \/>\n<meta property=\"og:url\" content=\"https:\/\/atelierjam.be\/?page_id=3\" \/>\n<meta property=\"og:site_name\" content=\"JAM Atelier Vintage\" \/>\n<meta property=\"article:publisher\" content=\"https:\/\/www.facebook.com\/people\/Latelier-Jam\/100094490956341\/\" \/>\n<meta property=\"article:modified_time\" content=\"2023-09-22T10:22:58+00:00\" \/>\n<meta name=\"twitter:card\" content=\"summary_large_image\" \/>\n<meta name=\"twitter:label1\" content=\"Dur\u00e9e de lecture est.\" \/>\n\t<meta name=\"twitter:data1\" content=\"5 minutes\" \/>\n<script type=\"application\/ld+json\" class=\"yoast-schema-graph\">{\"@context\":\"https:\/\/schema.org\",\"@graph\":[{\"@type\":\"WebPage\",\"@id\":\"https:\/\/atelierjam.be\/?page_id=3\",\"url\":\"https:\/\/atelierjam.be\/?page_id=3\",\"name\":\"Mentions l\u00e9gales - JAM Atelier Vintage\",\"isPartOf\":{\"@id\":\"https:\/\/atelierjam.be\/#website\"},\"datePublished\":\"2023-05-20T16:19:54+00:00\",\"dateModified\":\"2023-09-22T10:22:58+00:00\",\"breadcrumb\":{\"@id\":\"https:\/\/atelierjam.be\/?page_id=3#breadcrumb\"},\"inLanguage\":\"fr-BE\",\"potentialAction\":[{\"@type\":\"ReadAction\",\"target\":[\"https:\/\/atelierjam.be\/?page_id=3\"]}]},{\"@type\":\"BreadcrumbList\",\"@id\":\"https:\/\/atelierjam.be\/?page_id=3#breadcrumb\",\"itemListElement\":[{\"@type\":\"ListItem\",\"position\":1,\"name\":\"Accueil\",\"item\":\"https:\/\/atelierjam.be\/\"},{\"@type\":\"ListItem\",\"position\":2,\"name\":\"Mentions l\u00e9gales\"}]},{\"@type\":\"WebSite\",\"@id\":\"https:\/\/atelierjam.be\/#website\",\"url\":\"https:\/\/atelierjam.be\/\",\"name\":\"JAM Atelier Vintage\",\"description\":\"Restauration Vintage Meubles\",\"potentialAction\":[{\"@type\":\"SearchAction\",\"target\":{\"@type\":\"EntryPoint\",\"urlTemplate\":\"https:\/\/atelierjam.be\/?s={search_term_string}\"},\"query-input\":{\"@type\":\"PropertyValueSpecification\",\"valueRequired\":true,\"valueName\":\"search_term_string\"}}],\"inLanguage\":\"fr-BE\"}]}<\/script>\n<!-- \/ Yoast SEO plugin. -->","yoast_head_json":{"title":"Mentions l\u00e9gales - JAM Atelier Vintage","robots":{"index":"index","follow":"follow","max-snippet":"max-snippet:-1","max-image-preview":"max-image-preview:large","max-video-preview":"max-video-preview:-1"},"canonical":"https:\/\/atelierjam.be\/?page_id=3","og_locale":"fr_FR","og_type":"article","og_title":"Mentions l\u00e9gales - JAM Atelier Vintage","og_description":"Coordonn\u00e9es g\u00e9n\u00e9rales Nom site internet&nbsp;: www.latelierjambe Responsable l\u00e9gal&nbsp;: Marie Ferauche Adresse&nbsp;: Rue Pirot 25 5330 Sart-Bernard N\u00b0 entreprise : BE800 931 572 TVA (R\u00e9gime franchise TVA) : Compte bancaire BIC IBAN: BE19 3632 3158 4712 Email :latelierjam@gmail.com T\u00e9l\u00e9phone :0497\/577 908","og_url":"https:\/\/atelierjam.be\/?page_id=3","og_site_name":"JAM Atelier Vintage","article_publisher":"https:\/\/www.facebook.com\/people\/Latelier-Jam\/100094490956341\/","article_modified_time":"2023-09-22T10:22:58+00:00","twitter_card":"summary_large_image","twitter_misc":{"Dur\u00e9e de lecture est.":"5 minutes"},"schema":{"@context":"https:\/\/schema.org","@graph":[{"@type":"WebPage","@id":"https:\/\/atelierjam.be\/?page_id=3","url":"https:\/\/atelierjam.be\/?page_id=3","name":"Mentions l\u00e9gales - JAM Atelier Vintage","isPartOf":{"@id":"https:\/\/atelierjam.be\/#website"},"datePublished":"2023-05-20T16:19:54+00:00","dateModified":"2023-09-22T10:22:58+00:00","breadcrumb":{"@id":"https:\/\/atelierjam.be\/?page_id=3#breadcrumb"},"inLanguage":"fr-BE","potentialAction":[{"@type":"ReadAction","target":["https:\/\/atelierjam.be\/?page_id=3"]}]},{"@type":"BreadcrumbList","@id":"https:\/\/atelierjam.be\/?page_id=3#breadcrumb","itemListElement":[{"@type":"ListItem","position":1,"name":"Accueil","item":"https:\/\/atelierjam.be\/"},{"@type":"ListItem","position":2,"name":"Mentions l\u00e9gales"}]},{"@type":"WebSite","@id":"https:\/\/atelierjam.be\/#website","url":"https:\/\/atelierjam.be\/","name":"JAM Atelier Vintage","description":"Restauration Vintage Meubles","potentialAction":[{"@type":"SearchAction","target":{"@type":"EntryPoint","urlTemplate":"https:\/\/atelierjam.be\/?s={search_term_string}"},"query-input":{"@type":"PropertyValueSpecification","valueRequired":true,"valueName":"search_term_string"}}],"inLanguage":"fr-BE"}]}},"jetpack-related-posts":[],"jetpack_sharing_enabled":true,"_links":{"self":[{"href":"https:\/\/atelierjam.be\/index.php?rest_route=\/wp\/v2\/pages\/3","targetHints":{"allow":["GET"]}}],"collection":[{"href":"https:\/\/atelierjam.be\/index.php?rest_route=\/wp\/v2\/pages"}],"about":[{"href":"https:\/\/atelierjam.be\/index.php?rest_route=\/wp\/v2\/types\/page"}],"author":[{"embeddable":true,"href":"https:\/\/atelierjam.be\/index.php?rest_route=\/wp\/v2\/users\/1"}],"replies":[{"embeddable":true,"href":"https:\/\/atelierjam.be\/index.php?rest_route=%2Fwp%2Fv2%2Fcomments&post=3"}],"version-history":[{"count":8,"href":"https:\/\/atelierjam.be\/index.php?rest_route=\/wp\/v2\/pages\/3\/revisions"}],"predecessor-version":[{"id":1166,"href":"https:\/\/atelierjam.be\/index.php?rest_route=\/wp\/v2\/pages\/3\/revisions\/1166"}],"wp:attachment":[{"href":"https:\/\/atelierjam.be\/index.php?rest_route=%2Fwp%2Fv2%2Fmedia&parent=3"}],"curies":[{"name":"wp","href":"https:\/\/api.w.org\/{rel}","templated":true}]}}