{"id":916,"date":"2023-09-15T14:07:58","date_gmt":"2023-09-15T14:07:58","guid":{"rendered":"https:\/\/atelierjam.be\/?page_id=916"},"modified":"2024-02-19T11:58:44","modified_gmt":"2024-02-19T11:58:44","slug":"andy","status":"publish","type":"page","link":"https:\/\/atelierjam.be\/?page_id=916","title":{"rendered":"Andy"},"content":{"rendered":"\t\t<div data-elementor-type=\"wp-page\" data-elementor-id=\"916\" class=\"elementor elementor-916\">\n\t\t\t\t\t\t<section class=\"elementor-section elementor-top-section elementor-element elementor-element-9e53b41 elementor-section-boxed elementor-section-height-default elementor-section-height-default\" data-id=\"9e53b41\" data-element_type=\"section\">\n\t\t\t\t\t\t<div class=\"elementor-container elementor-column-gap-default\">\n\t\t\t\t\t<div class=\"elementor-column elementor-col-33 elementor-top-column elementor-element elementor-element-7811d0a\" data-id=\"7811d0a\" data-element_type=\"column\">\n\t\t\t<div class=\"elementor-widget-wrap elementor-element-populated\">\n\t\t\t\t\t\t<div class=\"elementor-element elementor-element-ec85571 elementor-widget elementor-widget-heading\" data-id=\"ec85571\" data-element_type=\"widget\" data-widget_type=\"heading.default\">\n\t\t\t\t<div class=\"elementor-widget-container\">\n\t\t\t\t\t<h2 class=\"elementor-heading-title elementor-size-default\"><\/h2>\t\t\t\t<\/div>\n\t\t\t\t<\/div>\n\t\t\t\t\t<\/div>\n\t\t<\/div>\n\t\t\t\t<div class=\"elementor-column elementor-col-33 elementor-top-column elementor-element elementor-element-a85b04f\" data-id=\"a85b04f\" data-element_type=\"column\">\n\t\t\t<div class=\"elementor-widget-wrap elementor-element-populated\">\n\t\t\t\t\t\t<div class=\"elementor-element elementor-element-3251166 elementor-widget elementor-widget-heading\" data-id=\"3251166\" data-element_type=\"widget\" data-widget_type=\"heading.default\">\n\t\t\t\t<div class=\"elementor-widget-container\">\n\t\t\t\t\t<h2 class=\"elementor-heading-title elementor-size-default\">Andy<\/h2>\t\t\t\t<\/div>\n\t\t\t\t<\/div>\n\t\t\t\t<div class=\"elementor-element elementor-element-0b66570 elementor-arrows-position-outside elementor-pagination-position-outside elementor-widget elementor-widget-image-carousel\" data-id=\"0b66570\" data-element_type=\"widget\" data-settings=\"{&quot;slides_to_show&quot;:&quot;1&quot;,&quot;autoplay&quot;:&quot;no&quot;,&quot;navigation&quot;:&quot;both&quot;,&quot;infinite&quot;:&quot;yes&quot;,&quot;effect&quot;:&quot;slide&quot;,&quot;speed&quot;:500}\" data-widget_type=\"image-carousel.default\">\n\t\t\t\t<div class=\"elementor-widget-container\">\n\t\t\t\t\t\t\t<div class=\"elementor-image-carousel-wrapper swiper\" role=\"region\" aria-roledescription=\"carousel\" aria-label=\"Carrousel d\u2019images\" dir=\"ltr\">\n\t\t\t<div class=\"elementor-image-carousel swiper-wrapper\" aria-live=\"polite\">\n\t\t\t\t\t\t\t\t<div class=\"swiper-slide\" role=\"group\" aria-roledescription=\"slide\" aria-label=\"1 of 6\"><figure class=\"swiper-slide-inner\"><img decoding=\"async\" class=\"swiper-slide-image\" src=\"https:\/\/i0.wp.com\/atelierjam.be\/wp-content\/uploads\/2023\/09\/377899173_1380916256185524_4545658215395453039_n.jpg?fit=750%2C1000&amp;ssl=1\" alt=\"377899173_1380916256185524_4545658215395453039_n\" \/><\/figure><\/div><div class=\"swiper-slide\" role=\"group\" aria-roledescription=\"slide\" aria-label=\"2 of 6\"><figure class=\"swiper-slide-inner\"><img decoding=\"async\" class=\"swiper-slide-image\" src=\"https:\/\/i0.wp.com\/atelierjam.be\/wp-content\/uploads\/2023\/09\/378080671_1144616110275021_586405496919803353_n.jpg?fit=750%2C563&amp;ssl=1\" alt=\"378080671_1144616110275021_586405496919803353_n\" \/><\/figure><\/div><div class=\"swiper-slide\" role=\"group\" aria-roledescription=\"slide\" aria-label=\"3 of 6\"><figure class=\"swiper-slide-inner\"><img decoding=\"async\" class=\"swiper-slide-image\" src=\"https:\/\/i0.wp.com\/atelierjam.be\/wp-content\/uploads\/2023\/09\/378045954_2306658842868886_8452792488777789131_n.jpg?fit=750%2C563&amp;ssl=1\" alt=\"378045954_2306658842868886_8452792488777789131_n\" \/><\/figure><\/div><div class=\"swiper-slide\" role=\"group\" aria-roledescription=\"slide\" aria-label=\"4 of 6\"><figure class=\"swiper-slide-inner\"><img decoding=\"async\" class=\"swiper-slide-image\" src=\"https:\/\/i0.wp.com\/atelierjam.be\/wp-content\/uploads\/2023\/09\/377918962_1223737868306403_4528541587007138926_n.jpg?fit=750%2C1000&amp;ssl=1\" alt=\"377918962_1223737868306403_4528541587007138926_n\" \/><\/figure><\/div><div class=\"swiper-slide\" role=\"group\" aria-roledescription=\"slide\" aria-label=\"5 of 6\"><figure class=\"swiper-slide-inner\"><img decoding=\"async\" class=\"swiper-slide-image\" src=\"https:\/\/i0.wp.com\/atelierjam.be\/wp-content\/uploads\/2023\/09\/378065324_1095643231817623_1998805121141616316_n.jpg?fit=750%2C1000&amp;ssl=1\" alt=\"378065324_1095643231817623_1998805121141616316_n\" \/><\/figure><\/div><div class=\"swiper-slide\" role=\"group\" aria-roledescription=\"slide\" aria-label=\"6 of 6\"><figure class=\"swiper-slide-inner\"><img decoding=\"async\" class=\"swiper-slide-image\" src=\"https:\/\/i0.wp.com\/atelierjam.be\/wp-content\/uploads\/2023\/09\/378045958_1509385383130023_9171761499336417485_n.jpg?fit=750%2C926&amp;ssl=1\" alt=\"378045958_1509385383130023_9171761499336417485_n\" \/><\/figure><\/div>\t\t\t<\/div>\n\t\t\t\t\t\t\t\t\t\t\t\t<div class=\"elementor-swiper-button elementor-swiper-button-prev\" role=\"button\" tabindex=\"0\">\n\t\t\t\t\t\t<i aria-hidden=\"true\" class=\"eicon-chevron-left\"><\/i>\t\t\t\t\t<\/div>\n\t\t\t\t\t<div class=\"elementor-swiper-button elementor-swiper-button-next\" role=\"button\" tabindex=\"0\">\n\t\t\t\t\t\t<i aria-hidden=\"true\" class=\"eicon-chevron-right\"><\/i>\t\t\t\t\t<\/div>\n\t\t\t\t\n\t\t\t\t\t\t\t\t\t<div class=\"swiper-pagination\"><\/div>\n\t\t\t\t\t\t\t\t\t<\/div>\n\t\t\t\t\t\t<\/div>\n\t\t\t\t<\/div>\n\t\t\t\t\t<\/div>\n\t\t<\/div>\n\t\t\t\t<div class=\"elementor-column elementor-col-33 elementor-top-column elementor-element elementor-element-0dc61f8\" data-id=\"0dc61f8\" data-element_type=\"column\">\n\t\t\t<div class=\"elementor-widget-wrap elementor-element-populated\">\n\t\t\t\t\t\t<div class=\"elementor-element elementor-element-834a58c elementor-widget elementor-widget-heading\" data-id=\"834a58c\" data-element_type=\"widget\" data-widget_type=\"heading.default\">\n\t\t\t\t<div class=\"elementor-widget-container\">\n\t\t\t\t\t<h2 class=\"elementor-heading-title elementor-size-default\">-- \u20ac<\/h2>\t\t\t\t<\/div>\n\t\t\t\t<\/div>\n\t\t\t\t<div class=\"elementor-element elementor-element-b86390e elementor-widget elementor-widget-text-editor\" data-id=\"b86390e\" data-element_type=\"widget\" data-widget_type=\"text-editor.default\">\n\t\t\t\t<div class=\"elementor-widget-container\">\n\t\t\t\t\t\t\t\t\t<p>Ancienne commode en ch\u00eane revisit\u00e9e.<\/p>\n<p>Couleur Peintagone Amazonia.<\/p>\n<p>Nouveaux boutons.<\/p>\n<p><\/p>\t\t\t\t\t\t\t\t<\/div>\n\t\t\t\t<\/div>\n\t\t\t\t<div class=\"elementor-element elementor-element-9ce6f61 elementor-align-center elementor-widget elementor-widget-button\" data-id=\"9ce6f61\" data-element_type=\"widget\" data-widget_type=\"button.default\">\n\t\t\t\t<div class=\"elementor-widget-container\">\n\t\t\t\t\t\t\t\t\t<div class=\"elementor-button-wrapper\">\n\t\t\t\t\t<a class=\"elementor-button elementor-size-sm\" role=\"button\">\n\t\t\t\t\t\t<span class=\"elementor-button-content-wrapper\">\n\t\t\t\t\t\t\t\t\t<span class=\"elementor-button-text\">indisponible<\/span>\n\t\t\t\t\t<\/span>\n\t\t\t\t\t<\/a>\n\t\t\t\t<\/div>\n\t\t\t\t\t\t\t\t<\/div>\n\t\t\t\t<\/div>\n\t\t\t\t<div class=\"elementor-element elementor-element-97f3183 elementor-widget elementor-widget-spacer\" data-id=\"97f3183\" data-element_type=\"widget\" data-widget_type=\"spacer.default\">\n\t\t\t\t<div class=\"elementor-widget-container\">\n\t\t\t\t\t\t\t<div class=\"elementor-spacer\">\n\t\t\t<div class=\"elementor-spacer-inner\"><\/div>\n\t\t<\/div>\n\t\t\t\t\t\t<\/div>\n\t\t\t\t<\/div>\n\t\t\t\t\t<\/div>\n\t\t<\/div>\n\t\t\t\t\t<\/div>\n\t\t<\/section>\n\t\t\t\t<section class=\"elementor-section elementor-top-section elementor-element elementor-element-2bc48d3 elementor-section-boxed elementor-section-height-default elementor-section-height-default\" data-id=\"2bc48d3\" data-element_type=\"section\">\n\t\t\t\t\t\t<div class=\"elementor-container elementor-column-gap-default\">\n\t\t\t\t\t<div class=\"elementor-column elementor-col-100 elementor-top-column elementor-element elementor-element-ac307e4\" data-id=\"ac307e4\" data-element_type=\"column\">\n\t\t\t<div class=\"elementor-widget-wrap elementor-element-populated\">\n\t\t\t\t\t\t<div class=\"elementor-element elementor-element-5bd8652 elementor-widget-divider--view-line elementor-widget elementor-widget-divider\" data-id=\"5bd8652\" data-element_type=\"widget\" data-widget_type=\"divider.default\">\n\t\t\t\t<div class=\"elementor-widget-container\">\n\t\t\t\t\t\t\t<div class=\"elementor-divider\">\n\t\t\t<span class=\"elementor-divider-separator\">\n\t\t\t\t\t\t<\/span>\n\t\t<\/div>\n\t\t\t\t\t\t<\/div>\n\t\t\t\t<\/div>\n\t\t\t\t\t<\/div>\n\t\t<\/div>\n\t\t\t\t\t<\/div>\n\t\t<\/section>\n\t\t\t\t<section class=\"elementor-section elementor-top-section elementor-element elementor-element-4613ac3 elementor-section-boxed elementor-section-height-default elementor-section-height-default\" data-id=\"4613ac3\" data-element_type=\"section\">\n\t\t\t\t\t\t<div class=\"elementor-container elementor-column-gap-default\">\n\t\t\t\t\t<div class=\"elementor-column elementor-col-50 elementor-top-column elementor-element elementor-element-14d0b61\" data-id=\"14d0b61\" data-element_type=\"column\">\n\t\t\t<div class=\"elementor-widget-wrap elementor-element-populated\">\n\t\t\t\t\t\t<div class=\"elementor-element elementor-element-6e2ce1c elementor-align-center elementor-widget elementor-widget-button\" data-id=\"6e2ce1c\" data-element_type=\"widget\" data-widget_type=\"button.default\">\n\t\t\t\t<div class=\"elementor-widget-container\">\n\t\t\t\t\t\t\t\t\t<div class=\"elementor-button-wrapper\">\n\t\t\t\t\t<a class=\"elementor-button elementor-button-link elementor-size-sm\" href=\"https:\/\/atelierjam.be\/?page_id=215\">\n\t\t\t\t\t\t<span class=\"elementor-button-content-wrapper\">\n\t\t\t\t\t\t\t\t\t<span class=\"elementor-button-text\">Pr\u00e9c\u00e9dent<\/span>\n\t\t\t\t\t<\/span>\n\t\t\t\t\t<\/a>\n\t\t\t\t<\/div>\n\t\t\t\t\t\t\t\t<\/div>\n\t\t\t\t<\/div>\n\t\t\t\t\t<\/div>\n\t\t<\/div>\n\t\t\t\t<div class=\"elementor-column elementor-col-50 elementor-top-column elementor-element elementor-element-2433988\" data-id=\"2433988\" data-element_type=\"column\">\n\t\t\t<div class=\"elementor-widget-wrap elementor-element-populated\">\n\t\t\t\t\t\t<div class=\"elementor-element elementor-element-d8310d3 elementor-align-center elementor-widget elementor-widget-button\" data-id=\"d8310d3\" data-element_type=\"widget\" data-widget_type=\"button.default\">\n\t\t\t\t<div class=\"elementor-widget-container\">\n\t\t\t\t\t\t\t\t\t<div class=\"elementor-button-wrapper\">\n\t\t\t\t\t<a class=\"elementor-button elementor-button-link elementor-size-sm\" href=\"https:\/\/atelierjam.be\/?page_id=914\">\n\t\t\t\t\t\t<span class=\"elementor-button-content-wrapper\">\n\t\t\t\t\t\t\t\t\t<span class=\"elementor-button-text\">Suivant   <\/span>\n\t\t\t\t\t<\/span>\n\t\t\t\t\t<\/a>\n\t\t\t\t<\/div>\n\t\t\t\t\t\t\t\t<\/div>\n\t\t\t\t<\/div>\n\t\t\t\t\t<\/div>\n\t\t<\/div>\n\t\t\t\t\t<\/div>\n\t\t<\/section>\n\t\t\t\t<\/div>\n\t\t","protected":false},"excerpt":{"rendered":"<p>Andy &#8212; \u20ac Ancienne commode en ch\u00eane revisit\u00e9e. Couleur Peintagone Amazonia. Nouveaux boutons. indisponible Pr\u00e9c\u00e9dent Suivant<\/p>\n","protected":false},"author":1,"featured_media":0,"parent":68,"menu_order":0,"comment_status":"closed","ping_status":"closed","template":"","meta":{"jetpack_post_was_ever_published":false,"footnotes":""},"class_list":["post-916","page","type-page","status-publish","hentry"],"yoast_head":"<!-- This site is optimized with the Yoast SEO plugin v25.0 - https:\/\/yoast.com\/wordpress\/plugins\/seo\/ -->\n<title>Andy - JAM Atelier Vintage<\/title>\n<meta name=\"robots\" content=\"index, follow, max-snippet:-1, max-image-preview:large, max-video-preview:-1\" \/>\n<link rel=\"canonical\" href=\"https:\/\/atelierjam.be\/?page_id=916\" \/>\n<meta property=\"og:locale\" content=\"fr_FR\" \/>\n<meta property=\"og:type\" content=\"article\" \/>\n<meta property=\"og:title\" content=\"Andy - JAM Atelier Vintage\" \/>\n<meta property=\"og:description\" content=\"Andy &#8212; \u20ac Ancienne commode en ch\u00eane revisit\u00e9e. Couleur Peintagone Amazonia. Nouveaux boutons. indisponible Pr\u00e9c\u00e9dent Suivant\" \/>\n<meta property=\"og:url\" content=\"https:\/\/atelierjam.be\/?page_id=916\" \/>\n<meta property=\"og:site_name\" content=\"JAM Atelier Vintage\" \/>\n<meta property=\"article:publisher\" content=\"https:\/\/www.facebook.com\/people\/Latelier-Jam\/100094490956341\/\" \/>\n<meta property=\"article:modified_time\" content=\"2024-02-19T11:58:44+00:00\" \/>\n<meta property=\"og:image\" content=\"https:\/\/atelierjam.be\/wp-content\/uploads\/2023\/09\/377899173_1380916256185524_4545658215395453039_n-768x1024.jpg\" \/>\n<meta name=\"twitter:card\" content=\"summary_large_image\" \/>\n<meta name=\"twitter:label1\" content=\"Dur\u00e9e de lecture est.\" \/>\n\t<meta name=\"twitter:data1\" content=\"2 minutes\" \/>\n<script type=\"application\/ld+json\" class=\"yoast-schema-graph\">{\"@context\":\"https:\/\/schema.org\",\"@graph\":[{\"@type\":\"WebPage\",\"@id\":\"https:\/\/atelierjam.be\/?page_id=916\",\"url\":\"https:\/\/atelierjam.be\/?page_id=916\",\"name\":\"Andy - JAM Atelier Vintage\",\"isPartOf\":{\"@id\":\"https:\/\/atelierjam.be\/#website\"},\"primaryImageOfPage\":{\"@id\":\"https:\/\/atelierjam.be\/?page_id=916#primaryimage\"},\"image\":{\"@id\":\"https:\/\/atelierjam.be\/?page_id=916#primaryimage\"},\"thumbnailUrl\":\"https:\/\/atelierjam.be\/wp-content\/uploads\/2023\/09\/377899173_1380916256185524_4545658215395453039_n-768x1024.jpg\",\"datePublished\":\"2023-09-15T14:07:58+00:00\",\"dateModified\":\"2024-02-19T11:58:44+00:00\",\"breadcrumb\":{\"@id\":\"https:\/\/atelierjam.be\/?page_id=916#breadcrumb\"},\"inLanguage\":\"fr-BE\",\"potentialAction\":[{\"@type\":\"ReadAction\",\"target\":[\"https:\/\/atelierjam.be\/?page_id=916\"]}]},{\"@type\":\"ImageObject\",\"inLanguage\":\"fr-BE\",\"@id\":\"https:\/\/atelierjam.be\/?page_id=916#primaryimage\",\"url\":\"https:\/\/i0.wp.com\/atelierjam.be\/wp-content\/uploads\/2023\/09\/377899173_1380916256185524_4545658215395453039_n.jpg?fit=1536%2C2048&ssl=1\",\"contentUrl\":\"https:\/\/i0.wp.com\/atelierjam.be\/wp-content\/uploads\/2023\/09\/377899173_1380916256185524_4545658215395453039_n.jpg?fit=1536%2C2048&ssl=1\",\"width\":1536,\"height\":2048},{\"@type\":\"BreadcrumbList\",\"@id\":\"https:\/\/atelierjam.be\/?page_id=916#breadcrumb\",\"itemListElement\":[{\"@type\":\"ListItem\",\"position\":1,\"name\":\"Accueil\",\"item\":\"https:\/\/atelierjam.be\/\"},{\"@type\":\"ListItem\",\"position\":2,\"name\":\"Shop\",\"item\":\"https:\/\/atelierjam.be\/?page_id=68\"},{\"@type\":\"ListItem\",\"position\":3,\"name\":\"Andy\"}]},{\"@type\":\"WebSite\",\"@id\":\"https:\/\/atelierjam.be\/#website\",\"url\":\"https:\/\/atelierjam.be\/\",\"name\":\"JAM Atelier Vintage\",\"description\":\"Restauration Vintage Meubles\",\"potentialAction\":[{\"@type\":\"SearchAction\",\"target\":{\"@type\":\"EntryPoint\",\"urlTemplate\":\"https:\/\/atelierjam.be\/?s={search_term_string}\"},\"query-input\":{\"@type\":\"PropertyValueSpecification\",\"valueRequired\":true,\"valueName\":\"search_term_string\"}}],\"inLanguage\":\"fr-BE\"}]}<\/script>\n<!-- \/ Yoast SEO plugin. -->","yoast_head_json":{"title":"Andy - JAM Atelier Vintage","robots":{"index":"index","follow":"follow","max-snippet":"max-snippet:-1","max-image-preview":"max-image-preview:large","max-video-preview":"max-video-preview:-1"},"canonical":"https:\/\/atelierjam.be\/?page_id=916","og_locale":"fr_FR","og_type":"article","og_title":"Andy - JAM Atelier Vintage","og_description":"Andy &#8212; \u20ac Ancienne commode en ch\u00eane revisit\u00e9e. Couleur Peintagone Amazonia. Nouveaux boutons. indisponible Pr\u00e9c\u00e9dent Suivant","og_url":"https:\/\/atelierjam.be\/?page_id=916","og_site_name":"JAM Atelier Vintage","article_publisher":"https:\/\/www.facebook.com\/people\/Latelier-Jam\/100094490956341\/","article_modified_time":"2024-02-19T11:58:44+00:00","og_image":[{"url":"https:\/\/atelierjam.be\/wp-content\/uploads\/2023\/09\/377899173_1380916256185524_4545658215395453039_n-768x1024.jpg","type":"","width":"","height":""}],"twitter_card":"summary_large_image","twitter_misc":{"Dur\u00e9e de lecture est.":"2 minutes"},"schema":{"@context":"https:\/\/schema.org","@graph":[{"@type":"WebPage","@id":"https:\/\/atelierjam.be\/?page_id=916","url":"https:\/\/atelierjam.be\/?page_id=916","name":"Andy - JAM Atelier Vintage","isPartOf":{"@id":"https:\/\/atelierjam.be\/#website"},"primaryImageOfPage":{"@id":"https:\/\/atelierjam.be\/?page_id=916#primaryimage"},"image":{"@id":"https:\/\/atelierjam.be\/?page_id=916#primaryimage"},"thumbnailUrl":"https:\/\/atelierjam.be\/wp-content\/uploads\/2023\/09\/377899173_1380916256185524_4545658215395453039_n-768x1024.jpg","datePublished":"2023-09-15T14:07:58+00:00","dateModified":"2024-02-19T11:58:44+00:00","breadcrumb":{"@id":"https:\/\/atelierjam.be\/?page_id=916#breadcrumb"},"inLanguage":"fr-BE","potentialAction":[{"@type":"ReadAction","target":["https:\/\/atelierjam.be\/?page_id=916"]}]},{"@type":"ImageObject","inLanguage":"fr-BE","@id":"https:\/\/atelierjam.be\/?page_id=916#primaryimage","url":"https:\/\/i0.wp.com\/atelierjam.be\/wp-content\/uploads\/2023\/09\/377899173_1380916256185524_4545658215395453039_n.jpg?fit=1536%2C2048&ssl=1","contentUrl":"https:\/\/i0.wp.com\/atelierjam.be\/wp-content\/uploads\/2023\/09\/377899173_1380916256185524_4545658215395453039_n.jpg?fit=1536%2C2048&ssl=1","width":1536,"height":2048},{"@type":"BreadcrumbList","@id":"https:\/\/atelierjam.be\/?page_id=916#breadcrumb","itemListElement":[{"@type":"ListItem","position":1,"name":"Accueil","item":"https:\/\/atelierjam.be\/"},{"@type":"ListItem","position":2,"name":"Shop","item":"https:\/\/atelierjam.be\/?page_id=68"},{"@type":"ListItem","position":3,"name":"Andy"}]},{"@type":"WebSite","@id":"https:\/\/atelierjam.be\/#website","url":"https:\/\/atelierjam.be\/","name":"JAM Atelier Vintage","description":"Restauration Vintage Meubles","potentialAction":[{"@type":"SearchAction","target":{"@type":"EntryPoint","urlTemplate":"https:\/\/atelierjam.be\/?s={search_term_string}"},"query-input":{"@type":"PropertyValueSpecification","valueRequired":true,"valueName":"search_term_string"}}],"inLanguage":"fr-BE"}]}},"jetpack-related-posts":[],"jetpack_sharing_enabled":true,"_links":{"self":[{"href":"https:\/\/atelierjam.be\/index.php?rest_route=\/wp\/v2\/pages\/916","targetHints":{"allow":["GET"]}}],"collection":[{"href":"https:\/\/atelierjam.be\/index.php?rest_route=\/wp\/v2\/pages"}],"about":[{"href":"https:\/\/atelierjam.be\/index.php?rest_route=\/wp\/v2\/types\/page"}],"author":[{"embeddable":true,"href":"https:\/\/atelierjam.be\/index.php?rest_route=\/wp\/v2\/users\/1"}],"replies":[{"embeddable":true,"href":"https:\/\/atelierjam.be\/index.php?rest_route=%2Fwp%2Fv2%2Fcomments&post=916"}],"version-history":[{"count":22,"href":"https:\/\/atelierjam.be\/index.php?rest_route=\/wp\/v2\/pages\/916\/revisions"}],"predecessor-version":[{"id":1262,"href":"https:\/\/atelierjam.be\/index.php?rest_route=\/wp\/v2\/pages\/916\/revisions\/1262"}],"up":[{"embeddable":true,"href":"https:\/\/atelierjam.be\/index.php?rest_route=\/wp\/v2\/pages\/68"}],"wp:attachment":[{"href":"https:\/\/atelierjam.be\/index.php?rest_route=%2Fwp%2Fv2%2Fmedia&parent=916"}],"curies":[{"name":"wp","href":"https:\/\/api.w.org\/{rel}","templated":true}]}}